{"id":11406,"date":"2016-12-05T16:27:00","date_gmt":"2016-12-05T16:27:00","guid":{"rendered":"https:\/\/landscaping.vamtam.com\/?page_id=11406"},"modified":"2024-09-25T14:23:53","modified_gmt":"2024-09-25T12:23:53","slug":"prestations","status":"publish","type":"page","link":"https:\/\/gpipaysage.fr\/?page_id=11406","title":{"rendered":"Prestations"},"content":{"rendered":"<div class=\"vgblk-rw-wrapper limit-wrapper\">\n<h3>\n\t\t\t<a href=\"https:\/\/gpipaysage.fr\/?page_id=14464\" title=\"Am\u00e9nagement\" target=\"_self\" rel=\"noopener\">\n\tAm\u00e9nagement\n\t\t\t<\/a>\n\t<\/h3>\n\t<p>L&rsquo;am\u00e9nagement paysager est l&rsquo;art de concevoir et de cr\u00e9er des espaces ext\u00e9rieurs harmonieux et esth\u00e9tiques. Il s&rsquo;agit de l&rsquo;int\u00e9gration de divers \u00e9l\u00e9ments naturels tels que les plantes, les arbres, les fleurs et les arbustes, ainsi que de structures artificielles comme les all\u00e9es, les patios, les fontaines et les \u00e9clairages.<\/p>\n\t<a href=\"https:\/\/gpipaysage.fr\/?page_id=14464\" target=\"_self\" role=\"button\" rel=\"noopener\">\n\t\t\t\t\tVoir plus\n\t<\/a>\n<h3>\n\t\t\t<a href=\"https:\/\/gpipaysage.fr\/?page_id=12964\" title=\"Conception\" target=\"_self\" rel=\"noopener\">\n\tConception\n\t\t\t<\/a>\n\t<\/h3>\n\t<p>La conception paysag\u00e8re consiste \u00e0 planifier et am\u00e9nager des espaces ext\u00e9rieurs en harmonisant les \u00e9l\u00e9ments naturels et artificiels pour cr\u00e9er des environnements esth\u00e9tiques et fonctionnels. Elle englobe le choix des plantes, l&rsquo;agencement des structures comme les all\u00e9es et les terrasses, ainsi que l&rsquo;int\u00e9gration de l&rsquo;\u00e9clairage et des \u00e9l\u00e9ments d&rsquo;eau.<\/p>\n\t<a href=\"https:\/\/gpipaysage.fr\/?page_id=12964\" target=\"_self\" role=\"button\" rel=\"noopener\">\n\t\t\t\t\tVoir plus\n\t<\/a>\n<h3>\n\t\t\t<a href=\"https:\/\/gpipaysage.fr\/?page_id=12972\" title=\"Entretien\" target=\"_self\" rel=\"noopener\">\n\tEntretien\n\t\t\t<\/a>\n\t<\/h3>\n\t<p>L&rsquo;entretien des espaces verts consiste \u00e0 prendre soin des jardins, pelouses et parcs pour assurer leur sant\u00e9 et leur beaut\u00e9. Cela inclut des t\u00e2ches comme la tonte, la taille, l&rsquo;arrosage, la fertilisation, et le contr\u00f4le des maladies et des nuisibles. Un entretien r\u00e9gulier est essentiel pour maintenir un espace ext\u00e9rieur agr\u00e9able et florissant.<\/p>\n\t<a href=\"https:\/\/gpipaysage.fr\/?page_id=12972\" target=\"_self\" role=\"button\" rel=\"noopener\">\n\t\t\t\t\tVoir plus\n\t<\/a>\n<h3>\n\t\t\t<a href=\"https:\/\/gpipaysage.fr\/?page_id=12962\" title=\"Cr\u00e9ation\" target=\"_self\" rel=\"noopener\">\n\tCr\u00e9ation\n\t\t\t<\/a>\n\t<\/h3>\n\t<p>La cr\u00e9ation paysag\u00e8re consiste \u00e0 transformer un espace ext\u00e9rieur en un environnement esth\u00e9tique et fonctionnel en utilisant des \u00e9l\u00e9ments naturels comme les plantes et les arbres, ainsi que des structures comme des all\u00e9es, des terrasses et des plans d&rsquo;eau. Ce processus comprend la conception, la s\u00e9lection des mat\u00e9riaux et la r\u00e9alisation, afin de cr\u00e9er un paysage harmonieux et durable.<\/p>\n\t<a href=\"https:\/\/gpipaysage.fr\/?page_id=12962\" target=\"_self\" role=\"button\" rel=\"noopener\">\n\t\t\t\t\tVoir plus\n\t<\/a>\n<h4>\n\tNous sommes des personnes consciencieuses avec beaucoup d&rsquo;exp\u00e9rience.\n\t<\/h4>\n<h4>\n\tApportez la nature chez vous.\n\t<\/h4>\n<h4>\n\tNous ne faisons pas de compromis pour satisfaire vos attentes.\n\t<\/h4>\n\tRemarque\u00a0: JavaScript est requis pour ce contenu.\n        <!-- That data is being printed as a workaround to page builders reordering the order of the scripts loaded-->\n        \n<\/div><!-- .vgblk-rw-wrapper -->","protected":false},"excerpt":{"rendered":"<p>Am\u00e9nagement L&rsquo;am\u00e9nagement paysager est l&rsquo;art de concevoir et de cr\u00e9er des espaces ext\u00e9rieurs harmonieux et esth\u00e9tiques. Il s&rsquo;agit de l&rsquo;int\u00e9gration de divers \u00e9l\u00e9ments naturels tels que les plantes, les arbres, les fleurs et les arbustes, ainsi que de structures artificielles comme les all\u00e9es, les patios, les fontaines et les \u00e9clairages. Voir plus Conception La conception&#8230;<\/p>\n","protected":false},"author":1,"featured_media":0,"parent":0,"menu_order":0,"comment_status":"closed","ping_status":"closed","template":"","meta":{"footnotes":""},"class_list":["post-11406","page","type-page","status-publish","hentry"],"yoast_head":"<!-- This site is optimized with the Yoast SEO plugin v26.6 - https:\/\/yoast.com\/wordpress\/plugins\/seo\/ -->\n<title>Prestations - gpipaysage<\/title>\n<meta name=\"description\" content=\"D\u00e9couvrez les services personnalis\u00e9s de notre jardinier paysagiste : am\u00e9nagement de jardins, entretien d&#039;espaces verts, cr\u00e9ation de terrasses et plus encore. Transformez votre ext\u00e9rieur en un v\u00e9ritable havre de paix gr\u00e2ce \u00e0 notre expertise professionnelle.\" \/>\n<meta name=\"robots\" content=\"index, follow, max-snippet:-1, max-image-preview:large, max-video-preview:-1\" \/>\n<link rel=\"canonical\" href=\"https:\/\/gpipaysage.fr\/?page_id=11406\" \/>\n<meta property=\"og:locale\" content=\"fr_FR\" \/>\n<meta property=\"og:type\" content=\"article\" \/>\n<meta property=\"og:title\" content=\"Prestations - gpipaysage\" \/>\n<meta property=\"og:description\" content=\"D\u00e9couvrez les services personnalis\u00e9s de notre jardinier paysagiste : am\u00e9nagement de jardins, entretien d&#039;espaces verts, cr\u00e9ation de terrasses et plus encore. Transformez votre ext\u00e9rieur en un v\u00e9ritable havre de paix gr\u00e2ce \u00e0 notre expertise professionnelle.\" \/>\n<meta property=\"og:url\" content=\"https:\/\/gpipaysage.fr\/?page_id=11406\" \/>\n<meta property=\"og:site_name\" content=\"gpipaysage\" \/>\n<meta property=\"article:publisher\" content=\"https:\/\/www.facebook.com\/profile.php?id=61562279649544\" \/>\n<meta property=\"article:modified_time\" content=\"2024-09-25T12:23:53+00:00\" \/>\n<meta name=\"twitter:card\" content=\"summary_large_image\" \/>\n<meta name=\"twitter:site\" content=\"@gpipaysage\" \/>\n<meta name=\"twitter:label1\" content=\"Dur\u00e9e de lecture estim\u00e9e\" \/>\n\t<meta name=\"twitter:data1\" content=\"2 minutes\" \/>\n<script type=\"application\/ld+json\" class=\"yoast-schema-graph\">{\"@context\":\"https:\/\/schema.org\",\"@graph\":[{\"@type\":\"WebPage\",\"@id\":\"https:\/\/gpipaysage.fr\/?page_id=11406\",\"url\":\"https:\/\/gpipaysage.fr\/?page_id=11406\",\"name\":\"Prestations - gpipaysage\",\"isPartOf\":{\"@id\":\"https:\/\/gpipaysage.fr\/#website\"},\"datePublished\":\"2016-12-05T16:27:00+00:00\",\"dateModified\":\"2024-09-25T12:23:53+00:00\",\"description\":\"D\u00e9couvrez les services personnalis\u00e9s de notre jardinier paysagiste : am\u00e9nagement de jardins, entretien d'espaces verts, cr\u00e9ation de terrasses et plus encore. Transformez votre ext\u00e9rieur en un v\u00e9ritable havre de paix gr\u00e2ce \u00e0 notre expertise professionnelle.\",\"breadcrumb\":{\"@id\":\"https:\/\/gpipaysage.fr\/?page_id=11406#breadcrumb\"},\"inLanguage\":\"fr-FR\",\"potentialAction\":[{\"@type\":\"ReadAction\",\"target\":[\"https:\/\/gpipaysage.fr\/?page_id=11406\"]}]},{\"@type\":\"BreadcrumbList\",\"@id\":\"https:\/\/gpipaysage.fr\/?page_id=11406#breadcrumb\",\"itemListElement\":[{\"@type\":\"ListItem\",\"position\":1,\"name\":\"Accueil\",\"item\":\"https:\/\/gpipaysage.fr\/\"},{\"@type\":\"ListItem\",\"position\":2,\"name\":\"Prestations\"}]},{\"@type\":\"WebSite\",\"@id\":\"https:\/\/gpipaysage.fr\/#website\",\"url\":\"https:\/\/gpipaysage.fr\/\",\"name\":\"gpipaysage\",\"description\":\"\",\"publisher\":{\"@id\":\"https:\/\/gpipaysage.fr\/#organization\"},\"alternateName\":\"gpi paysage\",\"potentialAction\":[{\"@type\":\"SearchAction\",\"target\":{\"@type\":\"EntryPoint\",\"urlTemplate\":\"https:\/\/gpipaysage.fr\/?s={search_term_string}\"},\"query-input\":{\"@type\":\"PropertyValueSpecification\",\"valueRequired\":true,\"valueName\":\"search_term_string\"}}],\"inLanguage\":\"fr-FR\"},{\"@type\":\"Organization\",\"@id\":\"https:\/\/gpipaysage.fr\/#organization\",\"name\":\"gpipaysage\",\"alternateName\":\"gpi paysage\",\"url\":\"https:\/\/gpipaysage.fr\/\",\"logo\":{\"@type\":\"ImageObject\",\"inLanguage\":\"fr-FR\",\"@id\":\"https:\/\/gpipaysage.fr\/#\/schema\/logo\/image\/\",\"url\":\"https:\/\/gpipaysage.fr\/wp-content\/uploads\/2024\/08\/Paysage-1.jpg\",\"contentUrl\":\"https:\/\/gpipaysage.fr\/wp-content\/uploads\/2024\/08\/Paysage-1.jpg\",\"width\":500,\"height\":500,\"caption\":\"gpipaysage\"},\"image\":{\"@id\":\"https:\/\/gpipaysage.fr\/#\/schema\/logo\/image\/\"},\"sameAs\":[\"https:\/\/www.facebook.com\/profile.php?id=61562279649544\",\"https:\/\/x.com\/gpipaysage\",\"https:\/\/www.instagram.com\/gpipaysage\/\"]}]}<\/script>\n<!-- \/ Yoast SEO plugin. -->","yoast_head_json":{"title":"Prestations - gpipaysage","description":"D\u00e9couvrez les services personnalis\u00e9s de notre jardinier paysagiste : am\u00e9nagement de jardins, entretien d'espaces verts, cr\u00e9ation de terrasses et plus encore. Transformez votre ext\u00e9rieur en un v\u00e9ritable havre de paix gr\u00e2ce \u00e0 notre expertise professionnelle.","robots":{"index":"index","follow":"follow","max-snippet":"max-snippet:-1","max-image-preview":"max-image-preview:large","max-video-preview":"max-video-preview:-1"},"canonical":"https:\/\/gpipaysage.fr\/?page_id=11406","og_locale":"fr_FR","og_type":"article","og_title":"Prestations - gpipaysage","og_description":"D\u00e9couvrez les services personnalis\u00e9s de notre jardinier paysagiste : am\u00e9nagement de jardins, entretien d'espaces verts, cr\u00e9ation de terrasses et plus encore. Transformez votre ext\u00e9rieur en un v\u00e9ritable havre de paix gr\u00e2ce \u00e0 notre expertise professionnelle.","og_url":"https:\/\/gpipaysage.fr\/?page_id=11406","og_site_name":"gpipaysage","article_publisher":"https:\/\/www.facebook.com\/profile.php?id=61562279649544","article_modified_time":"2024-09-25T12:23:53+00:00","twitter_card":"summary_large_image","twitter_site":"@gpipaysage","twitter_misc":{"Dur\u00e9e de lecture estim\u00e9e":"2 minutes"},"schema":{"@context":"https:\/\/schema.org","@graph":[{"@type":"WebPage","@id":"https:\/\/gpipaysage.fr\/?page_id=11406","url":"https:\/\/gpipaysage.fr\/?page_id=11406","name":"Prestations - gpipaysage","isPartOf":{"@id":"https:\/\/gpipaysage.fr\/#website"},"datePublished":"2016-12-05T16:27:00+00:00","dateModified":"2024-09-25T12:23:53+00:00","description":"D\u00e9couvrez les services personnalis\u00e9s de notre jardinier paysagiste : am\u00e9nagement de jardins, entretien d'espaces verts, cr\u00e9ation de terrasses et plus encore. Transformez votre ext\u00e9rieur en un v\u00e9ritable havre de paix gr\u00e2ce \u00e0 notre expertise professionnelle.","breadcrumb":{"@id":"https:\/\/gpipaysage.fr\/?page_id=11406#breadcrumb"},"inLanguage":"fr-FR","potentialAction":[{"@type":"ReadAction","target":["https:\/\/gpipaysage.fr\/?page_id=11406"]}]},{"@type":"BreadcrumbList","@id":"https:\/\/gpipaysage.fr\/?page_id=11406#breadcrumb","itemListElement":[{"@type":"ListItem","position":1,"name":"Accueil","item":"https:\/\/gpipaysage.fr\/"},{"@type":"ListItem","position":2,"name":"Prestations"}]},{"@type":"WebSite","@id":"https:\/\/gpipaysage.fr\/#website","url":"https:\/\/gpipaysage.fr\/","name":"gpipaysage","description":"","publisher":{"@id":"https:\/\/gpipaysage.fr\/#organization"},"alternateName":"gpi paysage","potentialAction":[{"@type":"SearchAction","target":{"@type":"EntryPoint","urlTemplate":"https:\/\/gpipaysage.fr\/?s={search_term_string}"},"query-input":{"@type":"PropertyValueSpecification","valueRequired":true,"valueName":"search_term_string"}}],"inLanguage":"fr-FR"},{"@type":"Organization","@id":"https:\/\/gpipaysage.fr\/#organization","name":"gpipaysage","alternateName":"gpi paysage","url":"https:\/\/gpipaysage.fr\/","logo":{"@type":"ImageObject","inLanguage":"fr-FR","@id":"https:\/\/gpipaysage.fr\/#\/schema\/logo\/image\/","url":"https:\/\/gpipaysage.fr\/wp-content\/uploads\/2024\/08\/Paysage-1.jpg","contentUrl":"https:\/\/gpipaysage.fr\/wp-content\/uploads\/2024\/08\/Paysage-1.jpg","width":500,"height":500,"caption":"gpipaysage"},"image":{"@id":"https:\/\/gpipaysage.fr\/#\/schema\/logo\/image\/"},"sameAs":["https:\/\/www.facebook.com\/profile.php?id=61562279649544","https:\/\/x.com\/gpipaysage","https:\/\/www.instagram.com\/gpipaysage\/"]}]}},"jetpack_sharing_enabled":true,"_links":{"self":[{"href":"https:\/\/gpipaysage.fr\/index.php?rest_route=\/wp\/v2\/pages\/11406","targetHints":{"allow":["GET"]}}],"collection":[{"href":"https:\/\/gpipaysage.fr\/index.php?rest_route=\/wp\/v2\/pages"}],"about":[{"href":"https:\/\/gpipaysage.fr\/index.php?rest_route=\/wp\/v2\/types\/page"}],"author":[{"embeddable":true,"href":"https:\/\/gpipaysage.fr\/index.php?rest_route=\/wp\/v2\/users\/1"}],"replies":[{"embeddable":true,"href":"https:\/\/gpipaysage.fr\/index.php?rest_route=%2Fwp%2Fv2%2Fcomments&post=11406"}],"version-history":[{"count":5,"href":"https:\/\/gpipaysage.fr\/index.php?rest_route=\/wp\/v2\/pages\/11406\/revisions"}],"predecessor-version":[{"id":987748,"href":"https:\/\/gpipaysage.fr\/index.php?rest_route=\/wp\/v2\/pages\/11406\/revisions\/987748"}],"wp:attachment":[{"href":"https:\/\/gpipaysage.fr\/index.php?rest_route=%2Fwp%2Fv2%2Fmedia&parent=11406"}],"curies":[{"name":"wp","href":"https:\/\/api.w.org\/{rel}","templated":true}]}}