{"id":12964,"date":"2017-06-13T16:57:56","date_gmt":"2017-06-13T16:57:56","guid":{"rendered":"https:\/\/landscaping.vamtam.com\/?page_id=12964"},"modified":"2025-12-17T18:13:22","modified_gmt":"2025-12-17T17:13:22","slug":"conception","status":"publish","type":"page","link":"https:\/\/gpipaysage.fr\/?page_id=12964","title":{"rendered":"Conception"},"content":{"rendered":"<div class=\"vgblk-rw-wrapper limit-wrapper\">\n<h2>\n\tComment pouvons-nous vous aider ?\n\t<\/h2>\n\t<p>De la conception de votre jardin \u00e0 l&rsquo;\u00e9laboration de structures paysag\u00e8res uniques, GPI Paysage vous accompagne dans la planification de vos projets gr\u00e2ce \u00e0 l&rsquo;expertise de ses artisans et \u00e0 une compr\u00e9hension approfondie du paysagisme. Avec une ma\u00eetrise \u00e9prouv\u00e9e des sols, des plantes, des mat\u00e9riaux paysagers et des techniques de design, nous sommes parfaitement qualifi\u00e9s pour concevoir des projets de toutes tailles, en accord avec vos besoins et votre vision.<\/p>\n<p>Nos concepts paysagers distinctifs, qu&rsquo;il s&rsquo;agisse de massifs \u00e9l\u00e9gants, de terrasses, de cl\u00f4tures ou de murs de sout\u00e8nement, sont pens\u00e9s pour apporter structure et harmonie \u00e0 votre espace ext\u00e9rieur. En privil\u00e9giant des mat\u00e9riaux naturels et de qualit\u00e9, nous veillons \u00e0 ce que chaque \u00e9l\u00e9ment s&rsquo;int\u00e8gre parfaitement dans son environnement et renforce l&rsquo;esth\u00e9tique globale de votre jardin.<\/p>\n<h2>\n\tExemples de conceptions\n\t<\/h2>\n\t<a href=\"https:\/\/gpipaysage.fr\/?page_id=9741\" target=\"_self\" role=\"button\">\n\t\t\t\t\tGalerie\n\t<\/a>\n<h4>\n\t\t\tConception de jardins autour de la piscine\t<\/h4>\n\t<p>Conception de jardins autour de la piscine, int\u00e9grant des plantations soign\u00e9es et un am\u00e9nagement harmonieux pour cr\u00e9er un espace de d\u00e9tente.<\/p>\n\t\t\t\t\t\t\t<img loading=\"lazy\" decoding=\"async\" src=\"https:\/\/gpipaysage.fr\/wp-content\/uploads\/2024\/08\/Taille_Piscine7-1260x969.jpg\" alt=\"Taille_Piscine7\" itemprop=\"image\" height=\"969\" width=\"1260\" title=\"Taille_Piscine7\" onerror=\"this.style.display='none'\"  sizes=\"auto, (max-width: 768px) 100vw, 100vw\" srcset=\"https:\/\/gpipaysage.fr\/wp-content\/uploads\/2024\/08\/Taille_Piscine7-1260x969.jpg 1260w, https:\/\/gpipaysage.fr\/wp-content\/uploads\/2024\/08\/Taille_Piscine7-630x484.jpg 630w, https:\/\/gpipaysage.fr\/wp-content\/uploads\/2024\/08\/Taille_Piscine7-420x323.jpg 420w, https:\/\/gpipaysage.fr\/wp-content\/uploads\/2024\/08\/Taille_Piscine7-840x646.jpg 840w, https:\/\/gpipaysage.fr\/wp-content\/uploads\/2024\/08\/Taille_Piscine7-315x242.jpg 315w\" \/>\t\t\t\t\t\t\t\n\t\t\t\t\t\t\t<img loading=\"lazy\" decoding=\"async\" src=\"https:\/\/gpipaysage.fr\/wp-content\/uploads\/2024\/07\/piscine.jpg\" alt=\"\" itemprop=\"image\" height=\"390\" width=\"768\" onerror=\"this.style.display='none'\"  sizes=\"auto, (max-width: 768px) 100vw, 100vw\" srcset=\"https:\/\/gpipaysage.fr\/wp-content\/uploads\/2024\/07\/piscine.jpg 768w, https:\/\/gpipaysage.fr\/wp-content\/uploads\/2024\/07\/piscine-300x152.jpg 300w, https:\/\/gpipaysage.fr\/wp-content\/uploads\/2024\/07\/piscine-630x320.jpg 630w, https:\/\/gpipaysage.fr\/wp-content\/uploads\/2024\/07\/piscine-420x213.jpg 420w, https:\/\/gpipaysage.fr\/wp-content\/uploads\/2024\/07\/piscine-315x160.jpg 315w\" \/>\t\t\t\t\t\t\t\n\t\t\t\t\t\t\t<img loading=\"lazy\" decoding=\"async\" src=\"https:\/\/gpipaysage.fr\/wp-content\/uploads\/2024\/08\/piscine4.jpg\" alt=\"\" itemprop=\"image\" height=\"194\" width=\"259\" onerror=\"this.style.display='none'\"  sizes=\"auto, (max-width: 768px) 100vw, 100vw\"\/>\t\t\t\t\t\t\t\n\t\t\t\t\t\t\t<img loading=\"lazy\" decoding=\"async\" src=\"https:\/\/gpipaysage.fr\/wp-content\/uploads\/2024\/08\/piscine1.jpg\" alt=\"piscine1\" itemprop=\"image\" height=\"183\" width=\"275\" title=\"piscine1\" onerror=\"this.style.display='none'\"  sizes=\"auto, (max-width: 768px) 100vw, 100vw\"\/>\t\t\t\t\t\t\t\n\t\t\t\t\t\t\t<img loading=\"lazy\" decoding=\"async\" src=\"https:\/\/gpipaysage.fr\/wp-content\/uploads\/2024\/08\/piscine3.jpg\" alt=\"piscine3\" itemprop=\"image\" height=\"183\" width=\"275\" title=\"piscine3\" onerror=\"this.style.display='none'\"  sizes=\"auto, (max-width: 768px) 100vw, 100vw\"\/>\t\t\t\t\t\t\t\n<h4>\n\t\t\tConception de plans pour votre futur jardin\t<\/h4>\n\t<p>Conception de plans personnalis\u00e9s pour donner vie \u00e0 votre futur jardin, alliant esth\u00e9tisme et fonctionnalit\u00e9.<\/p>\n\t\t\t\t\t\t\t<img loading=\"lazy\" decoding=\"async\" src=\"https:\/\/gpipaysage.fr\/wp-content\/uploads\/2024\/08\/Plan4.jpg\" alt=\"Plan4\" itemprop=\"image\" height=\"168\" width=\"300\" title=\"Plan4\" onerror=\"this.style.display='none'\"  sizes=\"auto, (max-width: 768px) 100vw, 100vw\"\/>\t\t\t\t\t\t\t\n\t\t\t\t\t\t\t<img loading=\"lazy\" decoding=\"async\" src=\"https:\/\/gpipaysage.fr\/wp-content\/uploads\/2024\/08\/plan2.jpg\" alt=\"plan2\" itemprop=\"image\" height=\"169\" width=\"299\" title=\"plan2\" onerror=\"this.style.display='none'\"  sizes=\"auto, (max-width: 768px) 100vw, 100vw\"\/>\t\t\t\t\t\t\t\n\t\t\t\t\t\t\t<img loading=\"lazy\" decoding=\"async\" src=\"https:\/\/gpipaysage.fr\/wp-content\/uploads\/2024\/08\/Copie-de-20220211_170029-scaled-e1724838159899.jpg\" alt=\"\" itemprop=\"image\" height=\"1660\" width=\"2171\" onerror=\"this.style.display='none'\"  sizes=\"auto, (max-width: 768px) 100vw, 100vw\" srcset=\"https:\/\/gpipaysage.fr\/wp-content\/uploads\/2024\/08\/Copie-de-20220211_170029-scaled-e1724838159899.jpg 2171w, https:\/\/gpipaysage.fr\/wp-content\/uploads\/2024\/08\/Copie-de-20220211_170029-scaled-e1724838159899-300x229.jpg 300w, https:\/\/gpipaysage.fr\/wp-content\/uploads\/2024\/08\/Copie-de-20220211_170029-scaled-e1724838159899-1024x783.jpg 1024w, https:\/\/gpipaysage.fr\/wp-content\/uploads\/2024\/08\/Copie-de-20220211_170029-scaled-e1724838159899-768x587.jpg 768w, https:\/\/gpipaysage.fr\/wp-content\/uploads\/2024\/08\/Copie-de-20220211_170029-scaled-e1724838159899-1536x1174.jpg 1536w, https:\/\/gpipaysage.fr\/wp-content\/uploads\/2024\/08\/Copie-de-20220211_170029-scaled-e1724838159899-2048x1566.jpg 2048w, https:\/\/gpipaysage.fr\/wp-content\/uploads\/2024\/08\/Copie-de-20220211_170029-scaled-e1724838159899-1260x963.jpg 1260w, https:\/\/gpipaysage.fr\/wp-content\/uploads\/2024\/08\/Copie-de-20220211_170029-scaled-e1724838159899-630x482.jpg 630w, https:\/\/gpipaysage.fr\/wp-content\/uploads\/2024\/08\/Copie-de-20220211_170029-scaled-e1724838159899-420x321.jpg 420w, https:\/\/gpipaysage.fr\/wp-content\/uploads\/2024\/08\/Copie-de-20220211_170029-scaled-e1724838159899-840x642.jpg 840w, https:\/\/gpipaysage.fr\/wp-content\/uploads\/2024\/08\/Copie-de-20220211_170029-scaled-e1724838159899-315x242.jpg 315w\" \/>\t\t\t\t\t\t\t\n<h4>\n\t\t\tAutres conceptions\t<\/h4>\n\t<p>Nous r\u00e9alisons \u00e9galement d&rsquo;autres conceptions paysag\u00e8res, telles que des jardins contemporains \u00e9pur\u00e9s, des espaces zen apaisants, des ambiances m\u00e9diterran\u00e9ennes chaleureuses, des am\u00e9nagements en pente fonctionnels, et des jardins urbains optimis\u00e9s pour les petits espaces.<\/p>\n\n<\/div><!-- .vgblk-rw-wrapper -->","protected":false},"excerpt":{"rendered":"<p>Comment pouvons-nous vous aider ? De la conception de votre jardin \u00e0 l&rsquo;\u00e9laboration de structures paysag\u00e8res uniques, GPI Paysage vous accompagne dans la planification de vos projets gr\u00e2ce \u00e0 l&rsquo;expertise de ses artisans et \u00e0 une compr\u00e9hension approfondie du paysagisme. Avec une ma\u00eetrise \u00e9prouv\u00e9e des sols, des plantes, des mat\u00e9riaux paysagers et des techniques de&#8230;<\/p>\n","protected":false},"author":1,"featured_media":0,"parent":11406,"menu_order":0,"comment_status":"closed","ping_status":"closed","template":"","meta":{"footnotes":""},"class_list":["post-12964","page","type-page","status-publish","hentry"],"yoast_head":"<!-- This site is optimized with the Yoast SEO plugin v26.6 - https:\/\/yoast.com\/wordpress\/plugins\/seo\/ -->\n<title>Conception - gpipaysage<\/title>\n<meta name=\"robots\" content=\"index, follow, max-snippet:-1, max-image-preview:large, max-video-preview:-1\" \/>\n<link rel=\"canonical\" href=\"https:\/\/gpipaysage.fr\/?page_id=12964\" \/>\n<meta property=\"og:locale\" content=\"fr_FR\" \/>\n<meta property=\"og:type\" content=\"article\" \/>\n<meta property=\"og:title\" content=\"Conception - gpipaysage\" \/>\n<meta property=\"og:description\" content=\"Comment pouvons-nous vous aider ? De la conception de votre jardin \u00e0 l&rsquo;\u00e9laboration de structures paysag\u00e8res uniques, GPI Paysage vous accompagne dans la planification de vos projets gr\u00e2ce \u00e0 l&rsquo;expertise de ses artisans et \u00e0 une compr\u00e9hension approfondie du paysagisme. Avec une ma\u00eetrise \u00e9prouv\u00e9e des sols, des plantes, des mat\u00e9riaux paysagers et des techniques de...\" \/>\n<meta property=\"og:url\" content=\"https:\/\/gpipaysage.fr\/?page_id=12964\" \/>\n<meta property=\"og:site_name\" content=\"gpipaysage\" \/>\n<meta property=\"article:publisher\" content=\"https:\/\/www.facebook.com\/profile.php?id=61562279649544\" \/>\n<meta property=\"article:modified_time\" content=\"2025-12-17T17:13:22+00:00\" \/>\n<meta property=\"og:image\" content=\"https:\/\/gpipaysage.fr\/wp-content\/uploads\/2024\/08\/Taille_Piscine7-1260x969.jpg\" \/>\n<meta name=\"twitter:card\" content=\"summary_large_image\" \/>\n<meta name=\"twitter:site\" content=\"@gpipaysage\" \/>\n<meta name=\"twitter:label1\" content=\"Dur\u00e9e de lecture estim\u00e9e\" \/>\n\t<meta name=\"twitter:data1\" content=\"1 minute\" \/>\n<script type=\"application\/ld+json\" class=\"yoast-schema-graph\">{\"@context\":\"https:\/\/schema.org\",\"@graph\":[{\"@type\":\"WebPage\",\"@id\":\"https:\/\/gpipaysage.fr\/?page_id=12964\",\"url\":\"https:\/\/gpipaysage.fr\/?page_id=12964\",\"name\":\"Conception - gpipaysage\",\"isPartOf\":{\"@id\":\"https:\/\/gpipaysage.fr\/#website\"},\"primaryImageOfPage\":{\"@id\":\"https:\/\/gpipaysage.fr\/?page_id=12964#primaryimage\"},\"image\":{\"@id\":\"https:\/\/gpipaysage.fr\/?page_id=12964#primaryimage\"},\"thumbnailUrl\":\"https:\/\/gpipaysage.fr\/wp-content\/uploads\/2024\/08\/Taille_Piscine7-1260x969.jpg\",\"datePublished\":\"2017-06-13T16:57:56+00:00\",\"dateModified\":\"2025-12-17T17:13:22+00:00\",\"breadcrumb\":{\"@id\":\"https:\/\/gpipaysage.fr\/?page_id=12964#breadcrumb\"},\"inLanguage\":\"fr-FR\",\"potentialAction\":[{\"@type\":\"ReadAction\",\"target\":[\"https:\/\/gpipaysage.fr\/?page_id=12964\"]}]},{\"@type\":\"ImageObject\",\"inLanguage\":\"fr-FR\",\"@id\":\"https:\/\/gpipaysage.fr\/?page_id=12964#primaryimage\",\"url\":\"https:\/\/gpipaysage.fr\/wp-content\/uploads\/2024\/08\/Taille_Piscine7-scaled.jpg\",\"contentUrl\":\"https:\/\/gpipaysage.fr\/wp-content\/uploads\/2024\/08\/Taille_Piscine7-scaled.jpg\",\"width\":2560,\"height\":1153},{\"@type\":\"BreadcrumbList\",\"@id\":\"https:\/\/gpipaysage.fr\/?page_id=12964#breadcrumb\",\"itemListElement\":[{\"@type\":\"ListItem\",\"position\":1,\"name\":\"Accueil\",\"item\":\"https:\/\/gpipaysage.fr\/\"},{\"@type\":\"ListItem\",\"position\":2,\"name\":\"Prestations\",\"item\":\"https:\/\/gpipaysage.fr\/?page_id=11406\"},{\"@type\":\"ListItem\",\"position\":3,\"name\":\"Conception\"}]},{\"@type\":\"WebSite\",\"@id\":\"https:\/\/gpipaysage.fr\/#website\",\"url\":\"https:\/\/gpipaysage.fr\/\",\"name\":\"gpipaysage\",\"description\":\"\",\"publisher\":{\"@id\":\"https:\/\/gpipaysage.fr\/#organization\"},\"alternateName\":\"gpi paysage\",\"potentialAction\":[{\"@type\":\"SearchAction\",\"target\":{\"@type\":\"EntryPoint\",\"urlTemplate\":\"https:\/\/gpipaysage.fr\/?s={search_term_string}\"},\"query-input\":{\"@type\":\"PropertyValueSpecification\",\"valueRequired\":true,\"valueName\":\"search_term_string\"}}],\"inLanguage\":\"fr-FR\"},{\"@type\":\"Organization\",\"@id\":\"https:\/\/gpipaysage.fr\/#organization\",\"name\":\"gpipaysage\",\"alternateName\":\"gpi paysage\",\"url\":\"https:\/\/gpipaysage.fr\/\",\"logo\":{\"@type\":\"ImageObject\",\"inLanguage\":\"fr-FR\",\"@id\":\"https:\/\/gpipaysage.fr\/#\/schema\/logo\/image\/\",\"url\":\"https:\/\/gpipaysage.fr\/wp-content\/uploads\/2024\/08\/Paysage-1.jpg\",\"contentUrl\":\"https:\/\/gpipaysage.fr\/wp-content\/uploads\/2024\/08\/Paysage-1.jpg\",\"width\":500,\"height\":500,\"caption\":\"gpipaysage\"},\"image\":{\"@id\":\"https:\/\/gpipaysage.fr\/#\/schema\/logo\/image\/\"},\"sameAs\":[\"https:\/\/www.facebook.com\/profile.php?id=61562279649544\",\"https:\/\/x.com\/gpipaysage\",\"https:\/\/www.instagram.com\/gpipaysage\/\"]}]}<\/script>\n<!-- \/ Yoast SEO plugin. -->","yoast_head_json":{"title":"Conception - gpipaysage","robots":{"index":"index","follow":"follow","max-snippet":"max-snippet:-1","max-image-preview":"max-image-preview:large","max-video-preview":"max-video-preview:-1"},"canonical":"https:\/\/gpipaysage.fr\/?page_id=12964","og_locale":"fr_FR","og_type":"article","og_title":"Conception - gpipaysage","og_description":"Comment pouvons-nous vous aider ? De la conception de votre jardin \u00e0 l&rsquo;\u00e9laboration de structures paysag\u00e8res uniques, GPI Paysage vous accompagne dans la planification de vos projets gr\u00e2ce \u00e0 l&rsquo;expertise de ses artisans et \u00e0 une compr\u00e9hension approfondie du paysagisme. Avec une ma\u00eetrise \u00e9prouv\u00e9e des sols, des plantes, des mat\u00e9riaux paysagers et des techniques de...","og_url":"https:\/\/gpipaysage.fr\/?page_id=12964","og_site_name":"gpipaysage","article_publisher":"https:\/\/www.facebook.com\/profile.php?id=61562279649544","article_modified_time":"2025-12-17T17:13:22+00:00","og_image":[{"url":"https:\/\/gpipaysage.fr\/wp-content\/uploads\/2024\/08\/Taille_Piscine7-1260x969.jpg","type":"","width":"","height":""}],"twitter_card":"summary_large_image","twitter_site":"@gpipaysage","twitter_misc":{"Dur\u00e9e de lecture estim\u00e9e":"1 minute"},"schema":{"@context":"https:\/\/schema.org","@graph":[{"@type":"WebPage","@id":"https:\/\/gpipaysage.fr\/?page_id=12964","url":"https:\/\/gpipaysage.fr\/?page_id=12964","name":"Conception - gpipaysage","isPartOf":{"@id":"https:\/\/gpipaysage.fr\/#website"},"primaryImageOfPage":{"@id":"https:\/\/gpipaysage.fr\/?page_id=12964#primaryimage"},"image":{"@id":"https:\/\/gpipaysage.fr\/?page_id=12964#primaryimage"},"thumbnailUrl":"https:\/\/gpipaysage.fr\/wp-content\/uploads\/2024\/08\/Taille_Piscine7-1260x969.jpg","datePublished":"2017-06-13T16:57:56+00:00","dateModified":"2025-12-17T17:13:22+00:00","breadcrumb":{"@id":"https:\/\/gpipaysage.fr\/?page_id=12964#breadcrumb"},"inLanguage":"fr-FR","potentialAction":[{"@type":"ReadAction","target":["https:\/\/gpipaysage.fr\/?page_id=12964"]}]},{"@type":"ImageObject","inLanguage":"fr-FR","@id":"https:\/\/gpipaysage.fr\/?page_id=12964#primaryimage","url":"https:\/\/gpipaysage.fr\/wp-content\/uploads\/2024\/08\/Taille_Piscine7-scaled.jpg","contentUrl":"https:\/\/gpipaysage.fr\/wp-content\/uploads\/2024\/08\/Taille_Piscine7-scaled.jpg","width":2560,"height":1153},{"@type":"BreadcrumbList","@id":"https:\/\/gpipaysage.fr\/?page_id=12964#breadcrumb","itemListElement":[{"@type":"ListItem","position":1,"name":"Accueil","item":"https:\/\/gpipaysage.fr\/"},{"@type":"ListItem","position":2,"name":"Prestations","item":"https:\/\/gpipaysage.fr\/?page_id=11406"},{"@type":"ListItem","position":3,"name":"Conception"}]},{"@type":"WebSite","@id":"https:\/\/gpipaysage.fr\/#website","url":"https:\/\/gpipaysage.fr\/","name":"gpipaysage","description":"","publisher":{"@id":"https:\/\/gpipaysage.fr\/#organization"},"alternateName":"gpi paysage","potentialAction":[{"@type":"SearchAction","target":{"@type":"EntryPoint","urlTemplate":"https:\/\/gpipaysage.fr\/?s={search_term_string}"},"query-input":{"@type":"PropertyValueSpecification","valueRequired":true,"valueName":"search_term_string"}}],"inLanguage":"fr-FR"},{"@type":"Organization","@id":"https:\/\/gpipaysage.fr\/#organization","name":"gpipaysage","alternateName":"gpi paysage","url":"https:\/\/gpipaysage.fr\/","logo":{"@type":"ImageObject","inLanguage":"fr-FR","@id":"https:\/\/gpipaysage.fr\/#\/schema\/logo\/image\/","url":"https:\/\/gpipaysage.fr\/wp-content\/uploads\/2024\/08\/Paysage-1.jpg","contentUrl":"https:\/\/gpipaysage.fr\/wp-content\/uploads\/2024\/08\/Paysage-1.jpg","width":500,"height":500,"caption":"gpipaysage"},"image":{"@id":"https:\/\/gpipaysage.fr\/#\/schema\/logo\/image\/"},"sameAs":["https:\/\/www.facebook.com\/profile.php?id=61562279649544","https:\/\/x.com\/gpipaysage","https:\/\/www.instagram.com\/gpipaysage\/"]}]}},"jetpack_sharing_enabled":true,"_links":{"self":[{"href":"https:\/\/gpipaysage.fr\/index.php?rest_route=\/wp\/v2\/pages\/12964","targetHints":{"allow":["GET"]}}],"collection":[{"href":"https:\/\/gpipaysage.fr\/index.php?rest_route=\/wp\/v2\/pages"}],"about":[{"href":"https:\/\/gpipaysage.fr\/index.php?rest_route=\/wp\/v2\/types\/page"}],"author":[{"embeddable":true,"href":"https:\/\/gpipaysage.fr\/index.php?rest_route=\/wp\/v2\/users\/1"}],"replies":[{"embeddable":true,"href":"https:\/\/gpipaysage.fr\/index.php?rest_route=%2Fwp%2Fv2%2Fcomments&post=12964"}],"version-history":[{"count":8,"href":"https:\/\/gpipaysage.fr\/index.php?rest_route=\/wp\/v2\/pages\/12964\/revisions"}],"predecessor-version":[{"id":988012,"href":"https:\/\/gpipaysage.fr\/index.php?rest_route=\/wp\/v2\/pages\/12964\/revisions\/988012"}],"up":[{"embeddable":true,"href":"https:\/\/gpipaysage.fr\/index.php?rest_route=\/wp\/v2\/pages\/11406"}],"wp:attachment":[{"href":"https:\/\/gpipaysage.fr\/index.php?rest_route=%2Fwp%2Fv2%2Fmedia&parent=12964"}],"curies":[{"name":"wp","href":"https:\/\/api.w.org\/{rel}","templated":true}]}}