{"id":12968,"date":"2017-06-13T16:58:37","date_gmt":"2017-06-13T16:58:37","guid":{"rendered":"https:\/\/landscaping.vamtam.com\/?page_id=12968"},"modified":"2024-08-07T11:45:10","modified_gmt":"2024-08-07T09:45:10","slug":"the-process","status":"publish","type":"page","link":"https:\/\/gpipaysage.fr\/?page_id=12968","title":{"rendered":"Processus"},"content":{"rendered":"<div class=\"vgblk-rw-wrapper limit-wrapper\">\n\n\t<h4>Nous sommes une entreprise de jardinier paysagiste bas\u00e9e dans l&rsquo;Oise, sp\u00e9cialis\u00e9e dans l&rsquo;entretien, l&rsquo;am\u00e9nagement, la cr\u00e9ation et la conception d&rsquo;espaces ext\u00e9rieurs. Nous transformons vos jardins et espaces verts en v\u00e9ritables havres de paix gr\u00e2ce \u00e0 des solutions sur mesure et un savoir-faire artistique.<\/h4>\n\t\t\t\t\t\t\t<img loading=\"lazy\" decoding=\"async\" src=\"https:\/\/gpipaysage.fr\/wp-content\/uploads\/2017\/07\/leaf-center-01.svg\" alt=\"leaf-center-01\" itemprop=\"image\" height=\"0\" width=\"0\" title=\"leaf-center-01\" onerror=\"this.style.display='none'\"  \/>\n<h2>\n\t\u00c9tapes du processus de conception paysag\u00e8re et de plantation\n\t<\/h2>\n<h4>\n\t1.\n\t<\/h4>\n<h3>\n\tConsultation\n\t<\/h3>\n\t<p>Nous vous rencontrerons sur place pour discuter de vos attentes. Nous \u00e9valuerons le site et discuterons avec vous de l&rsquo;utilisation de votre jardin et de ses utilisateurs afin de bien cerner vos besoins. Nous vous montrerons des exemples de nos r\u00e9alisations et des dessins pour vous donner une meilleure compr\u00e9hension de l&rsquo;\u00e9tendue de notre travail et du processus de conception.<\/p>\n<h4>\n\t2.\n\t<\/h4>\n<h3>\n\tProposition de conception paysag\u00e8re\n\t<\/h3>\n\t<p>Apr\u00e8s la visite de consultation, nous vous fournirons une proposition de conception paysag\u00e8re correspondant aux exigences de conception de votre jardin et aux services que vous souhaitez que nous vous fournissions. Si vous acceptez la proposition de conception, nous passerons \u00e0 la phase de conception paysag\u00e8re.<\/p>\n<h4>\n\t3.\n\t<\/h4>\n<h3>\n\tTravaux de conception paysag\u00e8re\n\t<\/h3>\n\t<p>Nous concevrons votre jardin en d\u00e9taillant l&#8217;emplacement de tous les \u00e9l\u00e9ments et mat\u00e9riaux propos\u00e9s, ainsi que les caract\u00e9ristiques existantes \u00e0 conserver. Nous vous fournirons un plan final de conception paysag\u00e8re et un plan de plantation.<\/p>\n<h4>\n\t4.\n\t<\/h4>\n<h3>\n\tPlantation\n\t<\/h3>\n\t<p>L&rsquo;\u00e9tape de plantation est l&rsquo;\u00e9tape o\u00f9 les plantes sont install\u00e9es dans le jardin selon le plan \u00e9tabli. Cela implique de creuser des trous, de positionner les plantes correctement, et de les planter avec soin pour assurer leur bonne croissance.<\/p>\n<h4>\n\tApportez la nature chez vous.\n\t<\/h4>\n<h4>\n\tNous ne faisons pas de compromis pour satisfaire vos attentes.\n\t<\/h4>\n\tRemarque\u00a0: JavaScript est requis pour ce contenu.\n        <!-- That data is being printed as a workaround to page builders reordering the order of the scripts loaded-->\n        \n<\/div><!-- .vgblk-rw-wrapper -->","protected":false},"excerpt":{"rendered":"<p>Nous sommes une entreprise de jardinier paysagiste bas\u00e9e dans l&rsquo;Oise, sp\u00e9cialis\u00e9e dans l&rsquo;entretien, l&rsquo;am\u00e9nagement, la cr\u00e9ation et la conception d&rsquo;espaces ext\u00e9rieurs. Nous transformons vos jardins et espaces verts en v\u00e9ritables havres de paix gr\u00e2ce \u00e0 des solutions sur mesure et un savoir-faire artistique. \u00c9tapes du processus de conception paysag\u00e8re et de plantation 1. Consultation Nous&#8230;<\/p>\n","protected":false},"author":1,"featured_media":0,"parent":11410,"menu_order":0,"comment_status":"closed","ping_status":"closed","template":"","meta":{"footnotes":""},"class_list":["post-12968","page","type-page","status-publish","hentry"],"yoast_head":"<!-- This site is optimized with the Yoast SEO plugin v26.6 - https:\/\/yoast.com\/wordpress\/plugins\/seo\/ -->\n<title>Processus - gpipaysage<\/title>\n<meta name=\"robots\" content=\"index, follow, max-snippet:-1, max-image-preview:large, max-video-preview:-1\" \/>\n<link rel=\"canonical\" href=\"https:\/\/gpipaysage.fr\/?page_id=12968\" \/>\n<meta property=\"og:locale\" content=\"fr_FR\" \/>\n<meta property=\"og:type\" content=\"article\" \/>\n<meta property=\"og:title\" content=\"Processus - gpipaysage\" \/>\n<meta property=\"og:description\" content=\"Nous sommes une entreprise de jardinier paysagiste bas\u00e9e dans l&rsquo;Oise, sp\u00e9cialis\u00e9e dans l&rsquo;entretien, l&rsquo;am\u00e9nagement, la cr\u00e9ation et la conception d&rsquo;espaces ext\u00e9rieurs. Nous transformons vos jardins et espaces verts en v\u00e9ritables havres de paix gr\u00e2ce \u00e0 des solutions sur mesure et un savoir-faire artistique. \u00c9tapes du processus de conception paysag\u00e8re et de plantation 1. Consultation Nous...\" \/>\n<meta property=\"og:url\" content=\"https:\/\/gpipaysage.fr\/?page_id=12968\" \/>\n<meta property=\"og:site_name\" content=\"gpipaysage\" \/>\n<meta property=\"article:publisher\" content=\"https:\/\/www.facebook.com\/profile.php?id=61562279649544\" \/>\n<meta property=\"article:modified_time\" content=\"2024-08-07T09:45:10+00:00\" \/>\n<meta property=\"og:image\" content=\"https:\/\/gpipaysage.fr\/wp-content\/uploads\/2017\/07\/leaf-center-01.svg\" \/>\n<meta name=\"twitter:card\" content=\"summary_large_image\" \/>\n<meta name=\"twitter:site\" content=\"@gpipaysage\" \/>\n<meta name=\"twitter:label1\" content=\"Dur\u00e9e de lecture estim\u00e9e\" \/>\n\t<meta name=\"twitter:data1\" content=\"1 minute\" \/>\n<script type=\"application\/ld+json\" class=\"yoast-schema-graph\">{\"@context\":\"https:\/\/schema.org\",\"@graph\":[{\"@type\":\"WebPage\",\"@id\":\"https:\/\/gpipaysage.fr\/?page_id=12968\",\"url\":\"https:\/\/gpipaysage.fr\/?page_id=12968\",\"name\":\"Processus - gpipaysage\",\"isPartOf\":{\"@id\":\"https:\/\/gpipaysage.fr\/#website\"},\"primaryImageOfPage\":{\"@id\":\"https:\/\/gpipaysage.fr\/?page_id=12968#primaryimage\"},\"image\":{\"@id\":\"https:\/\/gpipaysage.fr\/?page_id=12968#primaryimage\"},\"thumbnailUrl\":\"https:\/\/gpipaysage.fr\/wp-content\/uploads\/2017\/07\/leaf-center-01.svg\",\"datePublished\":\"2017-06-13T16:58:37+00:00\",\"dateModified\":\"2024-08-07T09:45:10+00:00\",\"breadcrumb\":{\"@id\":\"https:\/\/gpipaysage.fr\/?page_id=12968#breadcrumb\"},\"inLanguage\":\"fr-FR\",\"potentialAction\":[{\"@type\":\"ReadAction\",\"target\":[\"https:\/\/gpipaysage.fr\/?page_id=12968\"]}]},{\"@type\":\"ImageObject\",\"inLanguage\":\"fr-FR\",\"@id\":\"https:\/\/gpipaysage.fr\/?page_id=12968#primaryimage\",\"url\":\"https:\/\/gpipaysage.fr\/wp-content\/uploads\/2017\/07\/leaf-center-01.svg\",\"contentUrl\":\"https:\/\/gpipaysage.fr\/wp-content\/uploads\/2017\/07\/leaf-center-01.svg\"},{\"@type\":\"BreadcrumbList\",\"@id\":\"https:\/\/gpipaysage.fr\/?page_id=12968#breadcrumb\",\"itemListElement\":[{\"@type\":\"ListItem\",\"position\":1,\"name\":\"Accueil\",\"item\":\"https:\/\/gpipaysage.fr\/\"},{\"@type\":\"ListItem\",\"position\":2,\"name\":\"Pr\u00e9sentation\",\"item\":\"https:\/\/gpipaysage.fr\/?page_id=11410\"},{\"@type\":\"ListItem\",\"position\":3,\"name\":\"Processus\"}]},{\"@type\":\"WebSite\",\"@id\":\"https:\/\/gpipaysage.fr\/#website\",\"url\":\"https:\/\/gpipaysage.fr\/\",\"name\":\"gpipaysage\",\"description\":\"\",\"publisher\":{\"@id\":\"https:\/\/gpipaysage.fr\/#organization\"},\"alternateName\":\"gpi paysage\",\"potentialAction\":[{\"@type\":\"SearchAction\",\"target\":{\"@type\":\"EntryPoint\",\"urlTemplate\":\"https:\/\/gpipaysage.fr\/?s={search_term_string}\"},\"query-input\":{\"@type\":\"PropertyValueSpecification\",\"valueRequired\":true,\"valueName\":\"search_term_string\"}}],\"inLanguage\":\"fr-FR\"},{\"@type\":\"Organization\",\"@id\":\"https:\/\/gpipaysage.fr\/#organization\",\"name\":\"gpipaysage\",\"alternateName\":\"gpi paysage\",\"url\":\"https:\/\/gpipaysage.fr\/\",\"logo\":{\"@type\":\"ImageObject\",\"inLanguage\":\"fr-FR\",\"@id\":\"https:\/\/gpipaysage.fr\/#\/schema\/logo\/image\/\",\"url\":\"https:\/\/gpipaysage.fr\/wp-content\/uploads\/2024\/08\/Paysage-1.jpg\",\"contentUrl\":\"https:\/\/gpipaysage.fr\/wp-content\/uploads\/2024\/08\/Paysage-1.jpg\",\"width\":500,\"height\":500,\"caption\":\"gpipaysage\"},\"image\":{\"@id\":\"https:\/\/gpipaysage.fr\/#\/schema\/logo\/image\/\"},\"sameAs\":[\"https:\/\/www.facebook.com\/profile.php?id=61562279649544\",\"https:\/\/x.com\/gpipaysage\",\"https:\/\/www.instagram.com\/gpipaysage\/\"]}]}<\/script>\n<!-- \/ Yoast SEO plugin. -->","yoast_head_json":{"title":"Processus - gpipaysage","robots":{"index":"index","follow":"follow","max-snippet":"max-snippet:-1","max-image-preview":"max-image-preview:large","max-video-preview":"max-video-preview:-1"},"canonical":"https:\/\/gpipaysage.fr\/?page_id=12968","og_locale":"fr_FR","og_type":"article","og_title":"Processus - gpipaysage","og_description":"Nous sommes une entreprise de jardinier paysagiste bas\u00e9e dans l&rsquo;Oise, sp\u00e9cialis\u00e9e dans l&rsquo;entretien, l&rsquo;am\u00e9nagement, la cr\u00e9ation et la conception d&rsquo;espaces ext\u00e9rieurs. Nous transformons vos jardins et espaces verts en v\u00e9ritables havres de paix gr\u00e2ce \u00e0 des solutions sur mesure et un savoir-faire artistique. \u00c9tapes du processus de conception paysag\u00e8re et de plantation 1. Consultation Nous...","og_url":"https:\/\/gpipaysage.fr\/?page_id=12968","og_site_name":"gpipaysage","article_publisher":"https:\/\/www.facebook.com\/profile.php?id=61562279649544","article_modified_time":"2024-08-07T09:45:10+00:00","og_image":[{"url":"https:\/\/gpipaysage.fr\/wp-content\/uploads\/2017\/07\/leaf-center-01.svg","type":"","width":"","height":""}],"twitter_card":"summary_large_image","twitter_site":"@gpipaysage","twitter_misc":{"Dur\u00e9e de lecture estim\u00e9e":"1 minute"},"schema":{"@context":"https:\/\/schema.org","@graph":[{"@type":"WebPage","@id":"https:\/\/gpipaysage.fr\/?page_id=12968","url":"https:\/\/gpipaysage.fr\/?page_id=12968","name":"Processus - gpipaysage","isPartOf":{"@id":"https:\/\/gpipaysage.fr\/#website"},"primaryImageOfPage":{"@id":"https:\/\/gpipaysage.fr\/?page_id=12968#primaryimage"},"image":{"@id":"https:\/\/gpipaysage.fr\/?page_id=12968#primaryimage"},"thumbnailUrl":"https:\/\/gpipaysage.fr\/wp-content\/uploads\/2017\/07\/leaf-center-01.svg","datePublished":"2017-06-13T16:58:37+00:00","dateModified":"2024-08-07T09:45:10+00:00","breadcrumb":{"@id":"https:\/\/gpipaysage.fr\/?page_id=12968#breadcrumb"},"inLanguage":"fr-FR","potentialAction":[{"@type":"ReadAction","target":["https:\/\/gpipaysage.fr\/?page_id=12968"]}]},{"@type":"ImageObject","inLanguage":"fr-FR","@id":"https:\/\/gpipaysage.fr\/?page_id=12968#primaryimage","url":"https:\/\/gpipaysage.fr\/wp-content\/uploads\/2017\/07\/leaf-center-01.svg","contentUrl":"https:\/\/gpipaysage.fr\/wp-content\/uploads\/2017\/07\/leaf-center-01.svg"},{"@type":"BreadcrumbList","@id":"https:\/\/gpipaysage.fr\/?page_id=12968#breadcrumb","itemListElement":[{"@type":"ListItem","position":1,"name":"Accueil","item":"https:\/\/gpipaysage.fr\/"},{"@type":"ListItem","position":2,"name":"Pr\u00e9sentation","item":"https:\/\/gpipaysage.fr\/?page_id=11410"},{"@type":"ListItem","position":3,"name":"Processus"}]},{"@type":"WebSite","@id":"https:\/\/gpipaysage.fr\/#website","url":"https:\/\/gpipaysage.fr\/","name":"gpipaysage","description":"","publisher":{"@id":"https:\/\/gpipaysage.fr\/#organization"},"alternateName":"gpi paysage","potentialAction":[{"@type":"SearchAction","target":{"@type":"EntryPoint","urlTemplate":"https:\/\/gpipaysage.fr\/?s={search_term_string}"},"query-input":{"@type":"PropertyValueSpecification","valueRequired":true,"valueName":"search_term_string"}}],"inLanguage":"fr-FR"},{"@type":"Organization","@id":"https:\/\/gpipaysage.fr\/#organization","name":"gpipaysage","alternateName":"gpi paysage","url":"https:\/\/gpipaysage.fr\/","logo":{"@type":"ImageObject","inLanguage":"fr-FR","@id":"https:\/\/gpipaysage.fr\/#\/schema\/logo\/image\/","url":"https:\/\/gpipaysage.fr\/wp-content\/uploads\/2024\/08\/Paysage-1.jpg","contentUrl":"https:\/\/gpipaysage.fr\/wp-content\/uploads\/2024\/08\/Paysage-1.jpg","width":500,"height":500,"caption":"gpipaysage"},"image":{"@id":"https:\/\/gpipaysage.fr\/#\/schema\/logo\/image\/"},"sameAs":["https:\/\/www.facebook.com\/profile.php?id=61562279649544","https:\/\/x.com\/gpipaysage","https:\/\/www.instagram.com\/gpipaysage\/"]}]}},"jetpack_sharing_enabled":true,"_links":{"self":[{"href":"https:\/\/gpipaysage.fr\/index.php?rest_route=\/wp\/v2\/pages\/12968","targetHints":{"allow":["GET"]}}],"collection":[{"href":"https:\/\/gpipaysage.fr\/index.php?rest_route=\/wp\/v2\/pages"}],"about":[{"href":"https:\/\/gpipaysage.fr\/index.php?rest_route=\/wp\/v2\/types\/page"}],"author":[{"embeddable":true,"href":"https:\/\/gpipaysage.fr\/index.php?rest_route=\/wp\/v2\/users\/1"}],"replies":[{"embeddable":true,"href":"https:\/\/gpipaysage.fr\/index.php?rest_route=%2Fwp%2Fv2%2Fcomments&post=12968"}],"version-history":[{"count":3,"href":"https:\/\/gpipaysage.fr\/index.php?rest_route=\/wp\/v2\/pages\/12968\/revisions"}],"predecessor-version":[{"id":987772,"href":"https:\/\/gpipaysage.fr\/index.php?rest_route=\/wp\/v2\/pages\/12968\/revisions\/987772"}],"up":[{"embeddable":true,"href":"https:\/\/gpipaysage.fr\/index.php?rest_route=\/wp\/v2\/pages\/11410"}],"wp:attachment":[{"href":"https:\/\/gpipaysage.fr\/index.php?rest_route=%2Fwp%2Fv2%2Fmedia&parent=12968"}],"curies":[{"name":"wp","href":"https:\/\/api.w.org\/{rel}","templated":true}]}}