{"id":12982,"date":"2017-06-13T17:10:43","date_gmt":"2017-06-13T17:10:43","guid":{"rendered":"https:\/\/landscaping.vamtam.com\/?page_id=12982"},"modified":"2024-08-07T13:19:38","modified_gmt":"2024-08-07T11:19:38","slug":"partners-clients","status":"publish","type":"page","link":"https:\/\/gpipaysage.fr\/?page_id=12982","title":{"rendered":"Partenaires et clients"},"content":{"rendered":"<div class=\"vgblk-rw-wrapper limit-wrapper\">\n<h2>\n\tClients\n\t<\/h2>\n\t<p>Nous travaillons avec les particuliers, les entreprises et les collectivit\u00e9s. Pour l&rsquo;ensemble de nos clients, la satisfaction est au c\u0153ur de nos pr\u00e9occupations. Gr\u00e2ce \u00e0 notre expertise et notre engagement, nous offrons des solutions adapt\u00e9es \u00e0 chaque besoin, garantissant des r\u00e9sultats de qualit\u00e9 sup\u00e9rieure et un service personnalis\u00e9.<\/p>\n\t\t\t\t\t\t\t<img loading=\"lazy\" decoding=\"async\" src=\"https:\/\/gpipaysage.fr\/wp-content\/uploads\/2024\/08\/particuliers.png\" alt=\"particuliers\" itemprop=\"image\" height=\"225\" width=\"225\" title=\"particuliers\" onerror=\"this.style.display='none'\"  sizes=\"auto, (max-width: 768px) 100vw, 100vw\" srcset=\"https:\/\/gpipaysage.fr\/wp-content\/uploads\/2024\/08\/particuliers.png 225w, https:\/\/gpipaysage.fr\/wp-content\/uploads\/2024\/08\/particuliers-150x150.png 150w, https:\/\/gpipaysage.fr\/wp-content\/uploads\/2024\/08\/particuliers-100x100.png 100w\" \/>\t\t\t\t\t\t\t\n\t\t\t\t\t\t\t<img loading=\"lazy\" decoding=\"async\" src=\"https:\/\/gpipaysage.fr\/wp-content\/uploads\/2024\/08\/collectivites.png\" alt=\"collectivite\u0301s\" itemprop=\"image\" height=\"166\" width=\"303\" title=\"collectivite\u0301s\" onerror=\"this.style.display='none'\"  sizes=\"auto, (max-width: 768px) 100vw, 100vw\" srcset=\"https:\/\/gpipaysage.fr\/wp-content\/uploads\/2024\/08\/collectivites.png 303w, https:\/\/gpipaysage.fr\/wp-content\/uploads\/2024\/08\/collectivites-300x164.png 300w\" \/>\t\t\t\t\t\t\t\n\t\t\t\t\t\t\t<img loading=\"lazy\" decoding=\"async\" src=\"https:\/\/gpipaysage.fr\/wp-content\/uploads\/2024\/08\/Capture-decran-2024-08-07-a-12.59.01.png\" alt=\"Capture d'e\u0301cran 2024-08-07 a\u0300 12.59.01\" itemprop=\"image\" height=\"416\" width=\"546\" title=\"Capture d'e\u0301cran 2024-08-07 a\u0300 12.59.01\" onerror=\"this.style.display='none'\"  sizes=\"auto, (max-width: 768px) 100vw, 100vw\" srcset=\"https:\/\/gpipaysage.fr\/wp-content\/uploads\/2024\/08\/Capture-decran-2024-08-07-a-12.59.01.png 546w, https:\/\/gpipaysage.fr\/wp-content\/uploads\/2024\/08\/Capture-decran-2024-08-07-a-12.59.01-300x229.png 300w, https:\/\/gpipaysage.fr\/wp-content\/uploads\/2024\/08\/Capture-decran-2024-08-07-a-12.59.01-420x320.png 420w, https:\/\/gpipaysage.fr\/wp-content\/uploads\/2024\/08\/Capture-decran-2024-08-07-a-12.59.01-315x240.png 315w\" \/>\t\t\t\t\t\t\t\n<h2>\n\tPartenaires\n\t<\/h2>\n\t<p>Le fait de disposer d&rsquo;un large choix de partenaires nous permet de r\u00e9pondre au mieux \u00e0 toutes les demandes des clients, quelles que soient les saisons. Ainsi, nous pouvons offrir des solutions vari\u00e9es et adapt\u00e9es aux besoins sp\u00e9cifiques de chaque projet, assurant ainsi un service flexible et de qualit\u00e9 tout au long de l&rsquo;ann\u00e9e.<\/p>\n\t\t\t\t\t\t\t<img loading=\"lazy\" decoding=\"async\" src=\"https:\/\/gpipaysage.fr\/wp-content\/uploads\/2024\/08\/jardiland.png\" alt=\"jardiland\" itemprop=\"image\" height=\"225\" width=\"225\" title=\"jardiland\" onerror=\"this.style.display='none'\"  sizes=\"auto, (max-width: 768px) 100vw, 100vw\" srcset=\"https:\/\/gpipaysage.fr\/wp-content\/uploads\/2024\/08\/jardiland.png 225w, https:\/\/gpipaysage.fr\/wp-content\/uploads\/2024\/08\/jardiland-150x150.png 150w, https:\/\/gpipaysage.fr\/wp-content\/uploads\/2024\/08\/jardiland-100x100.png 100w\" \/>\t\t\t\t\t\t\t\n\t\t\t\t\t\t\t<img loading=\"lazy\" decoding=\"async\" src=\"https:\/\/gpipaysage.fr\/wp-content\/uploads\/2024\/08\/gammvert.png\" alt=\"gammvert\" itemprop=\"image\" height=\"225\" width=\"225\" title=\"gammvert\" onerror=\"this.style.display='none'\"  sizes=\"auto, (max-width: 768px) 100vw, 100vw\" srcset=\"https:\/\/gpipaysage.fr\/wp-content\/uploads\/2024\/08\/gammvert.png 225w, https:\/\/gpipaysage.fr\/wp-content\/uploads\/2024\/08\/gammvert-150x150.png 150w, https:\/\/gpipaysage.fr\/wp-content\/uploads\/2024\/08\/gammvert-100x100.png 100w\" \/>\t\t\t\t\t\t\t\n\t\t\t\t<a href=\"https:\/\/landscaping.vamtam.com\/portfolio\/jet-black\/\" target=\"_self\" itemprop=\"url\" title=\"pixeden-logo-envato\" rel=\"noopener\">\n\t\t\t\t\t\t\t<img loading=\"lazy\" decoding=\"async\" src=\"https:\/\/gpipaysage.fr\/wp-content\/uploads\/2016\/12\/pixeden-logo-envato-1.svg\" alt=\"pixeden-logo-envato\" itemprop=\"image\" height=\"0\" width=\"0\" data-link-type=\"url\" title=\"pixeden-logo-envato\" onerror=\"this.style.display='none'\"  \/>\n\t\t\t\t\t\t<\/a>\n\t\t\t\t\t\t\t<img loading=\"lazy\" decoding=\"async\" src=\"https:\/\/gpipaysage.fr\/wp-content\/uploads\/2024\/08\/truffaut.png\" alt=\"truffaut\" itemprop=\"image\" height=\"146\" width=\"345\" title=\"truffaut\" onerror=\"this.style.display='none'\"  sizes=\"auto, (max-width: 768px) 100vw, 100vw\" srcset=\"https:\/\/gpipaysage.fr\/wp-content\/uploads\/2024\/08\/truffaut.png 345w, https:\/\/gpipaysage.fr\/wp-content\/uploads\/2024\/08\/truffaut-300x127.png 300w, https:\/\/gpipaysage.fr\/wp-content\/uploads\/2024\/08\/truffaut-315x133.png 315w\" \/>\t\t\t\t\t\t\t\n\t\t\t\t<a href=\"https:\/\/landscaping.vamtam.com\/portfolio\/spa\/\" target=\"_self\" itemprop=\"url\" title=\"appstorm-logo-envato\" rel=\"noopener\">\n\t\t\t\t\t\t\t<img loading=\"lazy\" decoding=\"async\" src=\"https:\/\/gpipaysage.fr\/wp-content\/uploads\/2016\/12\/appstorm-logo-envato-1.svg\" alt=\"appstorm-logo-envato\" itemprop=\"image\" height=\"0\" width=\"0\" data-link-type=\"url\" title=\"appstorm-logo-envato\" onerror=\"this.style.display='none'\"  \/>\n\t\t\t\t\t\t<\/a>\n\t\t\t\t\t\t\t<img loading=\"lazy\" decoding=\"async\" src=\"https:\/\/gpipaysage.fr\/wp-content\/uploads\/2024\/08\/weldom.jpg\" alt=\"weldom\" itemprop=\"image\" height=\"220\" width=\"229\" title=\"weldom\" onerror=\"this.style.display='none'\"  sizes=\"auto, (max-width: 768px) 100vw, 100vw\"\/>\t\t\t\t\t\t\t\n\t\t\t\t<a href=\"https:\/\/landscaping.vamtam.com\/portfolio\/engineering\/\" target=\"_self\" itemprop=\"url\" title=\"envato-logo\" rel=\"noopener\">\n\t\t\t\t\t\t\t<img loading=\"lazy\" decoding=\"async\" src=\"https:\/\/gpipaysage.fr\/wp-content\/uploads\/2016\/12\/envato-logo-1.svg\" alt=\"envato-logo\" itemprop=\"image\" height=\"0\" width=\"0\" data-link-type=\"url\" title=\"envato-logo\" onerror=\"this.style.display='none'\"  \/>\n\t\t\t\t\t\t<\/a>\n<h2>\n\tT\u00e9moignages\n\t<\/h2>\n\t<p>Nous travaillons en collaboration avec nos clients, en \u00e9coutant attentivement leurs besoins. Cela nous permet de garantir que le cahier des charges de la conception du jardin est clair et correctement interpr\u00e9t\u00e9 dans le plan final. Cette \u00e9coute se refl\u00e8te dans la satisfaction de nos clients, qui n&rsquo;h\u00e9sitent pas \u00e0 exprimer leur contentement.<\/p>\n\t\t\t\t\t\t\t<img loading=\"lazy\" decoding=\"async\" src=\"https:\/\/gpipaysage.fr\/wp-content\/uploads\/2024\/08\/Screenshot_20240807_123217_Yoojo-Jobber-scaled.jpg\" alt=\"Screenshot_20240807_123217_Yoojo Jobber\" itemprop=\"image\" height=\"647\" width=\"2560\" title=\"Screenshot_20240807_123217_Yoojo Jobber\" onerror=\"this.style.display='none'\"  sizes=\"auto, (max-width: 768px) 100vw, 100vw\" srcset=\"https:\/\/gpipaysage.fr\/wp-content\/uploads\/2024\/08\/Screenshot_20240807_123217_Yoojo-Jobber-scaled.jpg 2560w, https:\/\/gpipaysage.fr\/wp-content\/uploads\/2024\/08\/Screenshot_20240807_123217_Yoojo-Jobber-300x76.jpg 300w, https:\/\/gpipaysage.fr\/wp-content\/uploads\/2024\/08\/Screenshot_20240807_123217_Yoojo-Jobber-1024x259.jpg 1024w, https:\/\/gpipaysage.fr\/wp-content\/uploads\/2024\/08\/Screenshot_20240807_123217_Yoojo-Jobber-768x194.jpg 768w, https:\/\/gpipaysage.fr\/wp-content\/uploads\/2024\/08\/Screenshot_20240807_123217_Yoojo-Jobber-1536x388.jpg 1536w, https:\/\/gpipaysage.fr\/wp-content\/uploads\/2024\/08\/Screenshot_20240807_123217_Yoojo-Jobber-2048x518.jpg 2048w, https:\/\/gpipaysage.fr\/wp-content\/uploads\/2024\/08\/Screenshot_20240807_123217_Yoojo-Jobber-1260x319.jpg 1260w, https:\/\/gpipaysage.fr\/wp-content\/uploads\/2024\/08\/Screenshot_20240807_123217_Yoojo-Jobber-630x159.jpg 630w, https:\/\/gpipaysage.fr\/wp-content\/uploads\/2024\/08\/Screenshot_20240807_123217_Yoojo-Jobber-420x106.jpg 420w, https:\/\/gpipaysage.fr\/wp-content\/uploads\/2024\/08\/Screenshot_20240807_123217_Yoojo-Jobber-840x212.jpg 840w, https:\/\/gpipaysage.fr\/wp-content\/uploads\/2024\/08\/Screenshot_20240807_123217_Yoojo-Jobber-315x80.jpg 315w\" \/>\t\t\t\t\t\t\t\n\t\t\t\t\t\t\t<img loading=\"lazy\" decoding=\"async\" src=\"https:\/\/gpipaysage.fr\/wp-content\/uploads\/2024\/08\/Screenshot_20240807_123233_Yoojo-Jobber-scaled.jpg\" alt=\"Screenshot_20240807_123233_Yoojo Jobber\" itemprop=\"image\" height=\"998\" width=\"2560\" title=\"Screenshot_20240807_123233_Yoojo Jobber\" onerror=\"this.style.display='none'\"  sizes=\"auto, (max-width: 768px) 100vw, 100vw\" srcset=\"https:\/\/gpipaysage.fr\/wp-content\/uploads\/2024\/08\/Screenshot_20240807_123233_Yoojo-Jobber-scaled.jpg 2560w, https:\/\/gpipaysage.fr\/wp-content\/uploads\/2024\/08\/Screenshot_20240807_123233_Yoojo-Jobber-300x117.jpg 300w, https:\/\/gpipaysage.fr\/wp-content\/uploads\/2024\/08\/Screenshot_20240807_123233_Yoojo-Jobber-1024x399.jpg 1024w, https:\/\/gpipaysage.fr\/wp-content\/uploads\/2024\/08\/Screenshot_20240807_123233_Yoojo-Jobber-768x299.jpg 768w, https:\/\/gpipaysage.fr\/wp-content\/uploads\/2024\/08\/Screenshot_20240807_123233_Yoojo-Jobber-1536x599.jpg 1536w, https:\/\/gpipaysage.fr\/wp-content\/uploads\/2024\/08\/Screenshot_20240807_123233_Yoojo-Jobber-2048x798.jpg 2048w, https:\/\/gpipaysage.fr\/wp-content\/uploads\/2024\/08\/Screenshot_20240807_123233_Yoojo-Jobber-1260x491.jpg 1260w, https:\/\/gpipaysage.fr\/wp-content\/uploads\/2024\/08\/Screenshot_20240807_123233_Yoojo-Jobber-630x246.jpg 630w, https:\/\/gpipaysage.fr\/wp-content\/uploads\/2024\/08\/Screenshot_20240807_123233_Yoojo-Jobber-420x164.jpg 420w, https:\/\/gpipaysage.fr\/wp-content\/uploads\/2024\/08\/Screenshot_20240807_123233_Yoojo-Jobber-840x327.jpg 840w, https:\/\/gpipaysage.fr\/wp-content\/uploads\/2024\/08\/Screenshot_20240807_123233_Yoojo-Jobber-315x123.jpg 315w\" \/>\t\t\t\t\t\t\t\n\t\t\t\t\t\t\t<img loading=\"lazy\" decoding=\"async\" src=\"https:\/\/gpipaysage.fr\/wp-content\/uploads\/2024\/08\/Screenshot_20240807_123253_Yoojo-Jobber-scaled.jpg\" alt=\"Screenshot_20240807_123253_Yoojo Jobber\" itemprop=\"image\" height=\"877\" width=\"2560\" title=\"Screenshot_20240807_123253_Yoojo Jobber\" onerror=\"this.style.display='none'\"  sizes=\"auto, (max-width: 768px) 100vw, 100vw\" srcset=\"https:\/\/gpipaysage.fr\/wp-content\/uploads\/2024\/08\/Screenshot_20240807_123253_Yoojo-Jobber-scaled.jpg 2560w, https:\/\/gpipaysage.fr\/wp-content\/uploads\/2024\/08\/Screenshot_20240807_123253_Yoojo-Jobber-300x103.jpg 300w, https:\/\/gpipaysage.fr\/wp-content\/uploads\/2024\/08\/Screenshot_20240807_123253_Yoojo-Jobber-1024x351.jpg 1024w, https:\/\/gpipaysage.fr\/wp-content\/uploads\/2024\/08\/Screenshot_20240807_123253_Yoojo-Jobber-768x263.jpg 768w, https:\/\/gpipaysage.fr\/wp-content\/uploads\/2024\/08\/Screenshot_20240807_123253_Yoojo-Jobber-1536x526.jpg 1536w, https:\/\/gpipaysage.fr\/wp-content\/uploads\/2024\/08\/Screenshot_20240807_123253_Yoojo-Jobber-2048x702.jpg 2048w, https:\/\/gpipaysage.fr\/wp-content\/uploads\/2024\/08\/Screenshot_20240807_123253_Yoojo-Jobber-1260x432.jpg 1260w, https:\/\/gpipaysage.fr\/wp-content\/uploads\/2024\/08\/Screenshot_20240807_123253_Yoojo-Jobber-630x216.jpg 630w, https:\/\/gpipaysage.fr\/wp-content\/uploads\/2024\/08\/Screenshot_20240807_123253_Yoojo-Jobber-420x144.jpg 420w, https:\/\/gpipaysage.fr\/wp-content\/uploads\/2024\/08\/Screenshot_20240807_123253_Yoojo-Jobber-840x288.jpg 840w, https:\/\/gpipaysage.fr\/wp-content\/uploads\/2024\/08\/Screenshot_20240807_123253_Yoojo-Jobber-315x108.jpg 315w\" \/>\t\t\t\t\t\t\t\n\t\t\t\t\t\t\t<img loading=\"lazy\" decoding=\"async\" src=\"https:\/\/gpipaysage.fr\/wp-content\/uploads\/2024\/08\/Screenshot_20240807_115609_Yoojo-Jobber2-420x822.jpg\" alt=\"Screenshot_20240807_115609_Yoojo Jobber~2\" itemprop=\"image\" height=\"822\" width=\"420\" title=\"Screenshot_20240807_115609_Yoojo Jobber~2\" onerror=\"this.style.display='none'\"  sizes=\"auto, (max-width: 768px) 100vw, 100vw\" srcset=\"https:\/\/gpipaysage.fr\/wp-content\/uploads\/2024\/08\/Screenshot_20240807_115609_Yoojo-Jobber2-420x822.jpg 420w, https:\/\/gpipaysage.fr\/wp-content\/uploads\/2024\/08\/Screenshot_20240807_115609_Yoojo-Jobber2-153x300.jpg 153w, https:\/\/gpipaysage.fr\/wp-content\/uploads\/2024\/08\/Screenshot_20240807_115609_Yoojo-Jobber2-523x1024.jpg 523w, https:\/\/gpipaysage.fr\/wp-content\/uploads\/2024\/08\/Screenshot_20240807_115609_Yoojo-Jobber2-768x1503.jpg 768w, https:\/\/gpipaysage.fr\/wp-content\/uploads\/2024\/08\/Screenshot_20240807_115609_Yoojo-Jobber2-785x1536.jpg 785w, https:\/\/gpipaysage.fr\/wp-content\/uploads\/2024\/08\/Screenshot_20240807_115609_Yoojo-Jobber2-1046x2048.jpg 1046w, https:\/\/gpipaysage.fr\/wp-content\/uploads\/2024\/08\/Screenshot_20240807_115609_Yoojo-Jobber2-630x1233.jpg 630w, https:\/\/gpipaysage.fr\/wp-content\/uploads\/2024\/08\/Screenshot_20240807_115609_Yoojo-Jobber2-840x1644.jpg 840w, https:\/\/gpipaysage.fr\/wp-content\/uploads\/2024\/08\/Screenshot_20240807_115609_Yoojo-Jobber2-315x617.jpg 315w, https:\/\/gpipaysage.fr\/wp-content\/uploads\/2024\/08\/Screenshot_20240807_115609_Yoojo-Jobber2.jpg 1080w\" \/>\t\t\t\t\t\t\t\n\n<\/div><!-- .vgblk-rw-wrapper -->","protected":false},"excerpt":{"rendered":"<p>Clients Nous travaillons avec les particuliers, les entreprises et les collectivit\u00e9s. Pour l&rsquo;ensemble de nos clients, la satisfaction est au c\u0153ur de nos pr\u00e9occupations. Gr\u00e2ce \u00e0 notre expertise et notre engagement, nous offrons des solutions adapt\u00e9es \u00e0 chaque besoin, garantissant des r\u00e9sultats de qualit\u00e9 sup\u00e9rieure et un service personnalis\u00e9. Partenaires Le fait de disposer d&rsquo;un&#8230;<\/p>\n","protected":false},"author":1,"featured_media":0,"parent":11410,"menu_order":0,"comment_status":"closed","ping_status":"closed","template":"","meta":{"footnotes":""},"class_list":["post-12982","page","type-page","status-publish","hentry"],"yoast_head":"<!-- This site is optimized with the Yoast SEO plugin v26.6 - https:\/\/yoast.com\/wordpress\/plugins\/seo\/ -->\n<title>Partenaires et clients - gpipaysage<\/title>\n<meta name=\"robots\" content=\"index, follow, max-snippet:-1, max-image-preview:large, max-video-preview:-1\" \/>\n<link rel=\"canonical\" href=\"https:\/\/gpipaysage.fr\/?page_id=12982\" \/>\n<meta property=\"og:locale\" content=\"fr_FR\" \/>\n<meta property=\"og:type\" content=\"article\" \/>\n<meta property=\"og:title\" content=\"Partenaires et clients - gpipaysage\" \/>\n<meta property=\"og:description\" content=\"Clients Nous travaillons avec les particuliers, les entreprises et les collectivit\u00e9s. Pour l&rsquo;ensemble de nos clients, la satisfaction est au c\u0153ur de nos pr\u00e9occupations. Gr\u00e2ce \u00e0 notre expertise et notre engagement, nous offrons des solutions adapt\u00e9es \u00e0 chaque besoin, garantissant des r\u00e9sultats de qualit\u00e9 sup\u00e9rieure et un service personnalis\u00e9. Partenaires Le fait de disposer d&rsquo;un...\" \/>\n<meta property=\"og:url\" content=\"https:\/\/gpipaysage.fr\/?page_id=12982\" \/>\n<meta property=\"og:site_name\" content=\"gpipaysage\" \/>\n<meta property=\"article:publisher\" content=\"https:\/\/www.facebook.com\/profile.php?id=61562279649544\" \/>\n<meta property=\"article:modified_time\" content=\"2024-08-07T11:19:38+00:00\" \/>\n<meta property=\"og:image\" content=\"https:\/\/gpipaysage.fr\/wp-content\/uploads\/2024\/08\/particuliers.png\" \/>\n<meta name=\"twitter:card\" content=\"summary_large_image\" \/>\n<meta name=\"twitter:site\" content=\"@gpipaysage\" \/>\n<meta name=\"twitter:label1\" content=\"Dur\u00e9e de lecture estim\u00e9e\" \/>\n\t<meta name=\"twitter:data1\" content=\"1 minute\" \/>\n<script type=\"application\/ld+json\" class=\"yoast-schema-graph\">{\"@context\":\"https:\/\/schema.org\",\"@graph\":[{\"@type\":\"WebPage\",\"@id\":\"https:\/\/gpipaysage.fr\/?page_id=12982\",\"url\":\"https:\/\/gpipaysage.fr\/?page_id=12982\",\"name\":\"Partenaires et clients - gpipaysage\",\"isPartOf\":{\"@id\":\"https:\/\/gpipaysage.fr\/#website\"},\"primaryImageOfPage\":{\"@id\":\"https:\/\/gpipaysage.fr\/?page_id=12982#primaryimage\"},\"image\":{\"@id\":\"https:\/\/gpipaysage.fr\/?page_id=12982#primaryimage\"},\"thumbnailUrl\":\"https:\/\/gpipaysage.fr\/wp-content\/uploads\/2024\/08\/particuliers.png\",\"datePublished\":\"2017-06-13T17:10:43+00:00\",\"dateModified\":\"2024-08-07T11:19:38+00:00\",\"breadcrumb\":{\"@id\":\"https:\/\/gpipaysage.fr\/?page_id=12982#breadcrumb\"},\"inLanguage\":\"fr-FR\",\"potentialAction\":[{\"@type\":\"ReadAction\",\"target\":[\"https:\/\/gpipaysage.fr\/?page_id=12982\"]}]},{\"@type\":\"ImageObject\",\"inLanguage\":\"fr-FR\",\"@id\":\"https:\/\/gpipaysage.fr\/?page_id=12982#primaryimage\",\"url\":\"https:\/\/gpipaysage.fr\/wp-content\/uploads\/2024\/08\/particuliers.png\",\"contentUrl\":\"https:\/\/gpipaysage.fr\/wp-content\/uploads\/2024\/08\/particuliers.png\",\"width\":225,\"height\":225},{\"@type\":\"BreadcrumbList\",\"@id\":\"https:\/\/gpipaysage.fr\/?page_id=12982#breadcrumb\",\"itemListElement\":[{\"@type\":\"ListItem\",\"position\":1,\"name\":\"Accueil\",\"item\":\"https:\/\/gpipaysage.fr\/\"},{\"@type\":\"ListItem\",\"position\":2,\"name\":\"Pr\u00e9sentation\",\"item\":\"https:\/\/gpipaysage.fr\/?page_id=11410\"},{\"@type\":\"ListItem\",\"position\":3,\"name\":\"Partenaires et clients\"}]},{\"@type\":\"WebSite\",\"@id\":\"https:\/\/gpipaysage.fr\/#website\",\"url\":\"https:\/\/gpipaysage.fr\/\",\"name\":\"gpipaysage\",\"description\":\"\",\"publisher\":{\"@id\":\"https:\/\/gpipaysage.fr\/#organization\"},\"alternateName\":\"gpi paysage\",\"potentialAction\":[{\"@type\":\"SearchAction\",\"target\":{\"@type\":\"EntryPoint\",\"urlTemplate\":\"https:\/\/gpipaysage.fr\/?s={search_term_string}\"},\"query-input\":{\"@type\":\"PropertyValueSpecification\",\"valueRequired\":true,\"valueName\":\"search_term_string\"}}],\"inLanguage\":\"fr-FR\"},{\"@type\":\"Organization\",\"@id\":\"https:\/\/gpipaysage.fr\/#organization\",\"name\":\"gpipaysage\",\"alternateName\":\"gpi paysage\",\"url\":\"https:\/\/gpipaysage.fr\/\",\"logo\":{\"@type\":\"ImageObject\",\"inLanguage\":\"fr-FR\",\"@id\":\"https:\/\/gpipaysage.fr\/#\/schema\/logo\/image\/\",\"url\":\"https:\/\/gpipaysage.fr\/wp-content\/uploads\/2024\/08\/Paysage-1.jpg\",\"contentUrl\":\"https:\/\/gpipaysage.fr\/wp-content\/uploads\/2024\/08\/Paysage-1.jpg\",\"width\":500,\"height\":500,\"caption\":\"gpipaysage\"},\"image\":{\"@id\":\"https:\/\/gpipaysage.fr\/#\/schema\/logo\/image\/\"},\"sameAs\":[\"https:\/\/www.facebook.com\/profile.php?id=61562279649544\",\"https:\/\/x.com\/gpipaysage\",\"https:\/\/www.instagram.com\/gpipaysage\/\"]}]}<\/script>\n<!-- \/ Yoast SEO plugin. -->","yoast_head_json":{"title":"Partenaires et clients - gpipaysage","robots":{"index":"index","follow":"follow","max-snippet":"max-snippet:-1","max-image-preview":"max-image-preview:large","max-video-preview":"max-video-preview:-1"},"canonical":"https:\/\/gpipaysage.fr\/?page_id=12982","og_locale":"fr_FR","og_type":"article","og_title":"Partenaires et clients - gpipaysage","og_description":"Clients Nous travaillons avec les particuliers, les entreprises et les collectivit\u00e9s. Pour l&rsquo;ensemble de nos clients, la satisfaction est au c\u0153ur de nos pr\u00e9occupations. Gr\u00e2ce \u00e0 notre expertise et notre engagement, nous offrons des solutions adapt\u00e9es \u00e0 chaque besoin, garantissant des r\u00e9sultats de qualit\u00e9 sup\u00e9rieure et un service personnalis\u00e9. Partenaires Le fait de disposer d&rsquo;un...","og_url":"https:\/\/gpipaysage.fr\/?page_id=12982","og_site_name":"gpipaysage","article_publisher":"https:\/\/www.facebook.com\/profile.php?id=61562279649544","article_modified_time":"2024-08-07T11:19:38+00:00","og_image":[{"url":"https:\/\/gpipaysage.fr\/wp-content\/uploads\/2024\/08\/particuliers.png","type":"","width":"","height":""}],"twitter_card":"summary_large_image","twitter_site":"@gpipaysage","twitter_misc":{"Dur\u00e9e de lecture estim\u00e9e":"1 minute"},"schema":{"@context":"https:\/\/schema.org","@graph":[{"@type":"WebPage","@id":"https:\/\/gpipaysage.fr\/?page_id=12982","url":"https:\/\/gpipaysage.fr\/?page_id=12982","name":"Partenaires et clients - gpipaysage","isPartOf":{"@id":"https:\/\/gpipaysage.fr\/#website"},"primaryImageOfPage":{"@id":"https:\/\/gpipaysage.fr\/?page_id=12982#primaryimage"},"image":{"@id":"https:\/\/gpipaysage.fr\/?page_id=12982#primaryimage"},"thumbnailUrl":"https:\/\/gpipaysage.fr\/wp-content\/uploads\/2024\/08\/particuliers.png","datePublished":"2017-06-13T17:10:43+00:00","dateModified":"2024-08-07T11:19:38+00:00","breadcrumb":{"@id":"https:\/\/gpipaysage.fr\/?page_id=12982#breadcrumb"},"inLanguage":"fr-FR","potentialAction":[{"@type":"ReadAction","target":["https:\/\/gpipaysage.fr\/?page_id=12982"]}]},{"@type":"ImageObject","inLanguage":"fr-FR","@id":"https:\/\/gpipaysage.fr\/?page_id=12982#primaryimage","url":"https:\/\/gpipaysage.fr\/wp-content\/uploads\/2024\/08\/particuliers.png","contentUrl":"https:\/\/gpipaysage.fr\/wp-content\/uploads\/2024\/08\/particuliers.png","width":225,"height":225},{"@type":"BreadcrumbList","@id":"https:\/\/gpipaysage.fr\/?page_id=12982#breadcrumb","itemListElement":[{"@type":"ListItem","position":1,"name":"Accueil","item":"https:\/\/gpipaysage.fr\/"},{"@type":"ListItem","position":2,"name":"Pr\u00e9sentation","item":"https:\/\/gpipaysage.fr\/?page_id=11410"},{"@type":"ListItem","position":3,"name":"Partenaires et clients"}]},{"@type":"WebSite","@id":"https:\/\/gpipaysage.fr\/#website","url":"https:\/\/gpipaysage.fr\/","name":"gpipaysage","description":"","publisher":{"@id":"https:\/\/gpipaysage.fr\/#organization"},"alternateName":"gpi paysage","potentialAction":[{"@type":"SearchAction","target":{"@type":"EntryPoint","urlTemplate":"https:\/\/gpipaysage.fr\/?s={search_term_string}"},"query-input":{"@type":"PropertyValueSpecification","valueRequired":true,"valueName":"search_term_string"}}],"inLanguage":"fr-FR"},{"@type":"Organization","@id":"https:\/\/gpipaysage.fr\/#organization","name":"gpipaysage","alternateName":"gpi paysage","url":"https:\/\/gpipaysage.fr\/","logo":{"@type":"ImageObject","inLanguage":"fr-FR","@id":"https:\/\/gpipaysage.fr\/#\/schema\/logo\/image\/","url":"https:\/\/gpipaysage.fr\/wp-content\/uploads\/2024\/08\/Paysage-1.jpg","contentUrl":"https:\/\/gpipaysage.fr\/wp-content\/uploads\/2024\/08\/Paysage-1.jpg","width":500,"height":500,"caption":"gpipaysage"},"image":{"@id":"https:\/\/gpipaysage.fr\/#\/schema\/logo\/image\/"},"sameAs":["https:\/\/www.facebook.com\/profile.php?id=61562279649544","https:\/\/x.com\/gpipaysage","https:\/\/www.instagram.com\/gpipaysage\/"]}]}},"jetpack_sharing_enabled":true,"_links":{"self":[{"href":"https:\/\/gpipaysage.fr\/index.php?rest_route=\/wp\/v2\/pages\/12982","targetHints":{"allow":["GET"]}}],"collection":[{"href":"https:\/\/gpipaysage.fr\/index.php?rest_route=\/wp\/v2\/pages"}],"about":[{"href":"https:\/\/gpipaysage.fr\/index.php?rest_route=\/wp\/v2\/types\/page"}],"author":[{"embeddable":true,"href":"https:\/\/gpipaysage.fr\/index.php?rest_route=\/wp\/v2\/users\/1"}],"replies":[{"embeddable":true,"href":"https:\/\/gpipaysage.fr\/index.php?rest_route=%2Fwp%2Fv2%2Fcomments&post=12982"}],"version-history":[{"count":6,"href":"https:\/\/gpipaysage.fr\/index.php?rest_route=\/wp\/v2\/pages\/12982\/revisions"}],"predecessor-version":[{"id":987800,"href":"https:\/\/gpipaysage.fr\/index.php?rest_route=\/wp\/v2\/pages\/12982\/revisions\/987800"}],"up":[{"embeddable":true,"href":"https:\/\/gpipaysage.fr\/index.php?rest_route=\/wp\/v2\/pages\/11410"}],"wp:attachment":[{"href":"https:\/\/gpipaysage.fr\/index.php?rest_route=%2Fwp%2Fv2%2Fmedia&parent=12982"}],"curies":[{"name":"wp","href":"https:\/\/api.w.org\/{rel}","templated":true}]}}