{"id":12984,"date":"2017-06-13T17:11:00","date_gmt":"2017-06-13T17:11:00","guid":{"rendered":"https:\/\/landscaping.vamtam.com\/?page_id=12984"},"modified":"2024-08-08T09:10:41","modified_gmt":"2024-08-08T07:10:41","slug":"sustainable-practices","status":"publish","type":"page","link":"https:\/\/gpipaysage.fr\/?page_id=12984","title":{"rendered":"Pratiques durables"},"content":{"rendered":"<div class=\"vgblk-rw-wrapper limit-wrapper\">\n<h2>\n\tLes jardins des particuliers \u00e0 travers le monde utilisent des pratiques de jardinage durable.\n\t<\/h2>\n<h3>\n\tSol sain\n\t<\/h3>\n\t<p>Un sol sain est la base d&rsquo;un jardin en bonne sant\u00e9.<\/p>\n<h3>\n\tCultures de couverture\n\t<\/h3>\n\t<p>Les cultures de couverture sont traditionnellement plant\u00e9es dans les fermes, mais peuvent \u00e9galement \u00eatre utilis\u00e9es dans les jardins.<\/p>\n<h3>\n\tContr\u00f4le biologique\n\t<\/h3>\n\t<p>Assurez-vous de surveiller l&rsquo;activit\u00e9 des insectes et des acariens dans votre jardin.<\/p>\n<h3>\n\t\u00c9conomiser l&rsquo;eau\n\t<\/h3>\n\t<p>Assurez-vous d&rsquo;arroser votre jardin au bon moment de la journ\u00e9e.<\/p>\n<h2>\n\tPlantes et arbres \n\t<\/h2>\n\t<p>Planter des plantes et des arbres est l&rsquo;un des meilleurs moyens de travailler avec la nature plut\u00f4t que contre elle. En choisissant des esp\u00e8ces v\u00e9g\u00e9tales adapt\u00e9es \u00e0 votre r\u00e9gion, vous obtiendrez des plantes et des arbres n\u00e9cessitant moins d&rsquo;entretien et d&rsquo;\u00e9nergie. De plus, les oiseaux, les insectes et la faune locale ont \u00e9volu\u00e9 avec les esp\u00e8ces v\u00e9g\u00e9tales et peuvent b\u00e9n\u00e9ficier des fruits, du nectar et de l&rsquo;habitat que ces plantes et arbres fournissent.<\/p>\n\t\t\t\t\t\t\t85%\t\t\t\t\n\t\t\t<style>\n\t\t\t\t.fl-node- .fl-number-bars-container {\n\t\t\t\t\tbackground-color: var( --vamtam-accent-color-7 );\n\t\t\t\t}\n\t\t\t\t.fl-node- .fl-number-bar {\n\t\t\t\t\tbackground-color: var( --vamtam-accent-color-1 );\n\t\t\t\t}\n\t\t\t<\/style>\n\t<p>De plantes en plus chaque ann\u00e9e.<\/p>\n\t\t\t\t\t\t\t58%\t\t\t\t\n\t\t\t<style>\n\t\t\t\t.fl-node- .fl-number-bars-container {\n\t\t\t\t\tbackground-color: var( --vamtam-accent-color-7 );\n\t\t\t\t}\n\t\t\t\t.fl-node- .fl-number-bar {\n\t\t\t\t\tbackground-color: var( --vamtam-accent-color-1 );\n\t\t\t\t}\n\t\t\t<\/style>\n\t<p>D&rsquo;arbres en plus chaque ann\u00e9e<\/p>\n\t\t\t\t\t\t\t20%\t\t\t\t\n\t\t\t<style>\n\t\t\t\t.fl-node- .fl-number-bars-container {\n\t\t\t\t\tbackground-color: var( --vamtam-accent-color-7 );\n\t\t\t\t}\n\t\t\t\t.fl-node- .fl-number-bar {\n\t\t\t\t\tbackground-color: var( --vamtam-accent-color-1 );\n\t\t\t\t}\n\t\t\t<\/style>\n\t<p>D&#8217;employ\u00e9s en plus chaque ann\u00e9e.<\/p>\n<h3>\n\tPlantation et entretien\n\t<\/h3>\n\t<p>Pour vous aider \u00e0 mettre en place ces pratiques durables, chez GPI Paysage nous vous proposons un accompagnement complet dans la plantation et l&rsquo;entretien de votre jardin. Nous vous conseillons sur le choix des plantes adapt\u00e9es \u00e0 votre environnement et offrons \u00e9galement des services d&rsquo;entretien pour assurer la sant\u00e9 et la p\u00e9rennit\u00e9 de votre espace ext\u00e9rieur. Nous veillons \u00e0 ce que votre jardin reste florissant et \u00e9coresponsable tout au long de l&rsquo;ann\u00e9e.<\/p>\n<h3>\n\tAm\u00e9nagement\n\t<\/h3>\n\t<p>GPI Paysage va encore plus loin en vous proposant un am\u00e9nagement paysager complet. Les bienfaits incluent une am\u00e9lioration de l&rsquo;attrait visuel de votre propri\u00e9t\u00e9, une augmentation de sa valeur, ainsi qu&rsquo;un impact positif sur l&rsquo;environnement en favorisant la biodiversit\u00e9. De plus, un am\u00e9nagement paysager bien con\u00e7u cr\u00e9e des espaces de d\u00e9tente et de loisirs, contribuant ainsi \u00e0 votre bien-\u00eatre et \u00e0 votre qualit\u00e9 de vie.<\/p>\n\n<\/div><!-- .vgblk-rw-wrapper -->","protected":false},"excerpt":{"rendered":"<p>Les jardins des particuliers \u00e0 travers le monde utilisent des pratiques de jardinage durable. Sol sain Un sol sain est la base d&rsquo;un jardin en bonne sant\u00e9. Cultures de couverture Les cultures de couverture sont traditionnellement plant\u00e9es dans les fermes, mais peuvent \u00e9galement \u00eatre utilis\u00e9es dans les jardins. Contr\u00f4le biologique Assurez-vous de surveiller l&rsquo;activit\u00e9 des&#8230;<\/p>\n","protected":false},"author":1,"featured_media":0,"parent":11410,"menu_order":0,"comment_status":"closed","ping_status":"closed","template":"","meta":{"footnotes":""},"class_list":["post-12984","page","type-page","status-publish","hentry"],"yoast_head":"<!-- This site is optimized with the Yoast SEO plugin v26.6 - https:\/\/yoast.com\/wordpress\/plugins\/seo\/ -->\n<title>Pratiques durables - gpipaysage<\/title>\n<meta name=\"robots\" content=\"index, follow, max-snippet:-1, max-image-preview:large, max-video-preview:-1\" \/>\n<link rel=\"canonical\" href=\"https:\/\/gpipaysage.fr\/?page_id=12984\" \/>\n<meta property=\"og:locale\" content=\"fr_FR\" \/>\n<meta property=\"og:type\" content=\"article\" \/>\n<meta property=\"og:title\" content=\"Pratiques durables - gpipaysage\" \/>\n<meta property=\"og:description\" content=\"Les jardins des particuliers \u00e0 travers le monde utilisent des pratiques de jardinage durable. Sol sain Un sol sain est la base d&rsquo;un jardin en bonne sant\u00e9. Cultures de couverture Les cultures de couverture sont traditionnellement plant\u00e9es dans les fermes, mais peuvent \u00e9galement \u00eatre utilis\u00e9es dans les jardins. Contr\u00f4le biologique Assurez-vous de surveiller l&rsquo;activit\u00e9 des...\" \/>\n<meta property=\"og:url\" content=\"https:\/\/gpipaysage.fr\/?page_id=12984\" \/>\n<meta property=\"og:site_name\" content=\"gpipaysage\" \/>\n<meta property=\"article:publisher\" content=\"https:\/\/www.facebook.com\/profile.php?id=61562279649544\" \/>\n<meta property=\"article:modified_time\" content=\"2024-08-08T07:10:41+00:00\" \/>\n<meta name=\"twitter:card\" content=\"summary_large_image\" \/>\n<meta name=\"twitter:site\" content=\"@gpipaysage\" \/>\n<meta name=\"twitter:label1\" content=\"Dur\u00e9e de lecture estim\u00e9e\" \/>\n\t<meta name=\"twitter:data1\" content=\"2 minutes\" \/>\n<script type=\"application\/ld+json\" class=\"yoast-schema-graph\">{\"@context\":\"https:\/\/schema.org\",\"@graph\":[{\"@type\":\"WebPage\",\"@id\":\"https:\/\/gpipaysage.fr\/?page_id=12984\",\"url\":\"https:\/\/gpipaysage.fr\/?page_id=12984\",\"name\":\"Pratiques durables - gpipaysage\",\"isPartOf\":{\"@id\":\"https:\/\/gpipaysage.fr\/#website\"},\"datePublished\":\"2017-06-13T17:11:00+00:00\",\"dateModified\":\"2024-08-08T07:10:41+00:00\",\"breadcrumb\":{\"@id\":\"https:\/\/gpipaysage.fr\/?page_id=12984#breadcrumb\"},\"inLanguage\":\"fr-FR\",\"potentialAction\":[{\"@type\":\"ReadAction\",\"target\":[\"https:\/\/gpipaysage.fr\/?page_id=12984\"]}]},{\"@type\":\"BreadcrumbList\",\"@id\":\"https:\/\/gpipaysage.fr\/?page_id=12984#breadcrumb\",\"itemListElement\":[{\"@type\":\"ListItem\",\"position\":1,\"name\":\"Accueil\",\"item\":\"https:\/\/gpipaysage.fr\/\"},{\"@type\":\"ListItem\",\"position\":2,\"name\":\"Pr\u00e9sentation\",\"item\":\"https:\/\/gpipaysage.fr\/?page_id=11410\"},{\"@type\":\"ListItem\",\"position\":3,\"name\":\"Pratiques durables\"}]},{\"@type\":\"WebSite\",\"@id\":\"https:\/\/gpipaysage.fr\/#website\",\"url\":\"https:\/\/gpipaysage.fr\/\",\"name\":\"gpipaysage\",\"description\":\"\",\"publisher\":{\"@id\":\"https:\/\/gpipaysage.fr\/#organization\"},\"alternateName\":\"gpi paysage\",\"potentialAction\":[{\"@type\":\"SearchAction\",\"target\":{\"@type\":\"EntryPoint\",\"urlTemplate\":\"https:\/\/gpipaysage.fr\/?s={search_term_string}\"},\"query-input\":{\"@type\":\"PropertyValueSpecification\",\"valueRequired\":true,\"valueName\":\"search_term_string\"}}],\"inLanguage\":\"fr-FR\"},{\"@type\":\"Organization\",\"@id\":\"https:\/\/gpipaysage.fr\/#organization\",\"name\":\"gpipaysage\",\"alternateName\":\"gpi paysage\",\"url\":\"https:\/\/gpipaysage.fr\/\",\"logo\":{\"@type\":\"ImageObject\",\"inLanguage\":\"fr-FR\",\"@id\":\"https:\/\/gpipaysage.fr\/#\/schema\/logo\/image\/\",\"url\":\"https:\/\/gpipaysage.fr\/wp-content\/uploads\/2024\/08\/Paysage-1.jpg\",\"contentUrl\":\"https:\/\/gpipaysage.fr\/wp-content\/uploads\/2024\/08\/Paysage-1.jpg\",\"width\":500,\"height\":500,\"caption\":\"gpipaysage\"},\"image\":{\"@id\":\"https:\/\/gpipaysage.fr\/#\/schema\/logo\/image\/\"},\"sameAs\":[\"https:\/\/www.facebook.com\/profile.php?id=61562279649544\",\"https:\/\/x.com\/gpipaysage\",\"https:\/\/www.instagram.com\/gpipaysage\/\"]}]}<\/script>\n<!-- \/ Yoast SEO plugin. -->","yoast_head_json":{"title":"Pratiques durables - gpipaysage","robots":{"index":"index","follow":"follow","max-snippet":"max-snippet:-1","max-image-preview":"max-image-preview:large","max-video-preview":"max-video-preview:-1"},"canonical":"https:\/\/gpipaysage.fr\/?page_id=12984","og_locale":"fr_FR","og_type":"article","og_title":"Pratiques durables - gpipaysage","og_description":"Les jardins des particuliers \u00e0 travers le monde utilisent des pratiques de jardinage durable. Sol sain Un sol sain est la base d&rsquo;un jardin en bonne sant\u00e9. Cultures de couverture Les cultures de couverture sont traditionnellement plant\u00e9es dans les fermes, mais peuvent \u00e9galement \u00eatre utilis\u00e9es dans les jardins. Contr\u00f4le biologique Assurez-vous de surveiller l&rsquo;activit\u00e9 des...","og_url":"https:\/\/gpipaysage.fr\/?page_id=12984","og_site_name":"gpipaysage","article_publisher":"https:\/\/www.facebook.com\/profile.php?id=61562279649544","article_modified_time":"2024-08-08T07:10:41+00:00","twitter_card":"summary_large_image","twitter_site":"@gpipaysage","twitter_misc":{"Dur\u00e9e de lecture estim\u00e9e":"2 minutes"},"schema":{"@context":"https:\/\/schema.org","@graph":[{"@type":"WebPage","@id":"https:\/\/gpipaysage.fr\/?page_id=12984","url":"https:\/\/gpipaysage.fr\/?page_id=12984","name":"Pratiques durables - gpipaysage","isPartOf":{"@id":"https:\/\/gpipaysage.fr\/#website"},"datePublished":"2017-06-13T17:11:00+00:00","dateModified":"2024-08-08T07:10:41+00:00","breadcrumb":{"@id":"https:\/\/gpipaysage.fr\/?page_id=12984#breadcrumb"},"inLanguage":"fr-FR","potentialAction":[{"@type":"ReadAction","target":["https:\/\/gpipaysage.fr\/?page_id=12984"]}]},{"@type":"BreadcrumbList","@id":"https:\/\/gpipaysage.fr\/?page_id=12984#breadcrumb","itemListElement":[{"@type":"ListItem","position":1,"name":"Accueil","item":"https:\/\/gpipaysage.fr\/"},{"@type":"ListItem","position":2,"name":"Pr\u00e9sentation","item":"https:\/\/gpipaysage.fr\/?page_id=11410"},{"@type":"ListItem","position":3,"name":"Pratiques durables"}]},{"@type":"WebSite","@id":"https:\/\/gpipaysage.fr\/#website","url":"https:\/\/gpipaysage.fr\/","name":"gpipaysage","description":"","publisher":{"@id":"https:\/\/gpipaysage.fr\/#organization"},"alternateName":"gpi paysage","potentialAction":[{"@type":"SearchAction","target":{"@type":"EntryPoint","urlTemplate":"https:\/\/gpipaysage.fr\/?s={search_term_string}"},"query-input":{"@type":"PropertyValueSpecification","valueRequired":true,"valueName":"search_term_string"}}],"inLanguage":"fr-FR"},{"@type":"Organization","@id":"https:\/\/gpipaysage.fr\/#organization","name":"gpipaysage","alternateName":"gpi paysage","url":"https:\/\/gpipaysage.fr\/","logo":{"@type":"ImageObject","inLanguage":"fr-FR","@id":"https:\/\/gpipaysage.fr\/#\/schema\/logo\/image\/","url":"https:\/\/gpipaysage.fr\/wp-content\/uploads\/2024\/08\/Paysage-1.jpg","contentUrl":"https:\/\/gpipaysage.fr\/wp-content\/uploads\/2024\/08\/Paysage-1.jpg","width":500,"height":500,"caption":"gpipaysage"},"image":{"@id":"https:\/\/gpipaysage.fr\/#\/schema\/logo\/image\/"},"sameAs":["https:\/\/www.facebook.com\/profile.php?id=61562279649544","https:\/\/x.com\/gpipaysage","https:\/\/www.instagram.com\/gpipaysage\/"]}]}},"jetpack_sharing_enabled":true,"_links":{"self":[{"href":"https:\/\/gpipaysage.fr\/index.php?rest_route=\/wp\/v2\/pages\/12984","targetHints":{"allow":["GET"]}}],"collection":[{"href":"https:\/\/gpipaysage.fr\/index.php?rest_route=\/wp\/v2\/pages"}],"about":[{"href":"https:\/\/gpipaysage.fr\/index.php?rest_route=\/wp\/v2\/types\/page"}],"author":[{"embeddable":true,"href":"https:\/\/gpipaysage.fr\/index.php?rest_route=\/wp\/v2\/users\/1"}],"replies":[{"embeddable":true,"href":"https:\/\/gpipaysage.fr\/index.php?rest_route=%2Fwp%2Fv2%2Fcomments&post=12984"}],"version-history":[{"count":4,"href":"https:\/\/gpipaysage.fr\/index.php?rest_route=\/wp\/v2\/pages\/12984\/revisions"}],"predecessor-version":[{"id":987803,"href":"https:\/\/gpipaysage.fr\/index.php?rest_route=\/wp\/v2\/pages\/12984\/revisions\/987803"}],"up":[{"embeddable":true,"href":"https:\/\/gpipaysage.fr\/index.php?rest_route=\/wp\/v2\/pages\/11410"}],"wp:attachment":[{"href":"https:\/\/gpipaysage.fr\/index.php?rest_route=%2Fwp%2Fv2%2Fmedia&parent=12984"}],"curies":[{"name":"wp","href":"https:\/\/api.w.org\/{rel}","templated":true}]}}