{"id":13400,"date":"2017-07-14T10:28:00","date_gmt":"2017-07-14T10:28:00","guid":{"rendered":"https:\/\/landscaping.vamtam.com\/?page_id=13400"},"modified":"2024-12-02T18:33:52","modified_gmt":"2024-12-02T17:33:52","slug":"accueil","status":"publish","type":"page","link":"https:\/\/gpipaysage.fr\/","title":{"rendered":"Accueil"},"content":{"rendered":"<div class=\"vgblk-rw-wrapper limit-wrapper\">\n<h5>\n\tNos jardiniers paysagistes s&rsquo;occupent de tout pour vous !\u202f\n\t<\/h5>\n\t<p>Nous concevons des espaces ext\u00e9rieurs sur mesure, en harmonie avec votre vision et votre environnement.<\/p>\n<p>Nous transformons votre terrain en un jardin magnifique et fonctionnel gr\u00e2ce \u00e0 un am\u00e9nagement soign\u00e9 et adapt\u00e9.<\/p>\n<p>Entretien, cr\u00e9ation et am\u00e9nagement des jardins.<\/p>\n\t<p>Notre passion pour la nature se refl\u00e8te dans la cr\u00e9ation de jardins uniques, o\u00f9 chaque plante et chaque \u00e9l\u00e9ment trouve sa place.<\/p>\n<p>Nous assurons l&rsquo;entretien r\u00e9gulier de votre jardin pour qu&rsquo;il reste toujours aussi beau et accueillant.<\/p>\n<p>Tonte, taille, d\u00e9sherbage, plantation, entretien divers.<\/p>\n\t<a href=\"https:\/\/gpipaysage.fr\/?page_id=11406\" target=\"_self\" role=\"button\">\n\t\t\t\t\tVoir tous les services\n\t<\/a>\n<h2>\n\tQue faisons-nous ?\n\t<\/h2>\n<h4>\n\t\t\t<a href=\"https:\/\/gpipaysage.fr\/?page_id=12964\" title=\"Conception\" target=\"_self\">\n\tConception\n\t\t\t<\/a>\n\t<\/h4>\n<h4>\n\t\t\t<a href=\"https:\/\/gpipaysage.fr\/?page_id=14464\" title=\"Am\u00e9nagement\" target=\"_self\">\n\tAm\u00e9nagement\n\t\t\t<\/a>\n\t<\/h4>\n<h4>\n\t\t\t<a href=\"https:\/\/gpipaysage.fr\/?page_id=12962\" title=\"Cr\u00e9ation\" target=\"_self\">\n\tCr\u00e9ation\n\t\t\t<\/a>\n\t<\/h4>\n<h4>\n\t\t\t<a href=\"https:\/\/gpipaysage.fr\/?page_id=12972\" title=\"Entretien\" target=\"_self\">\n\tEntretien\n\t\t\t<\/a>\n\t<\/h4>\n<h4>\n\tApportez la nature chez vous.\n\t<\/h4>\n<h3>\n\tNous ne faisons pas de compromis pour satisfaire vos attentes.\n\t<\/h3>\n\tNotice: JavaScript is required for this content.\n        <!-- That data is being printed as a workaround to page builders reordering the order of the scripts loaded-->\n\t\t\t\t\t\t\t<img loading=\"lazy\" decoding=\"async\" src=\"https:\/\/gpipaysage.fr\/wp-content\/uploads\/2017\/07\/Pic1.jpg\" alt=\"Pic1\" itemprop=\"image\" height=\"900\" width=\"650\" title=\"Pic1\" onerror=\"this.style.display='none'\"  sizes=\"auto, (max-width: 768px) 100vw, 100vw\" srcset=\"https:\/\/gpipaysage.fr\/wp-content\/uploads\/2017\/07\/Pic1.jpg 650w, https:\/\/gpipaysage.fr\/wp-content\/uploads\/2017\/07\/Pic1-217x300.jpg 217w, https:\/\/gpipaysage.fr\/wp-content\/uploads\/2017\/07\/Pic1-630x872.jpg 630w, https:\/\/gpipaysage.fr\/wp-content\/uploads\/2017\/07\/Pic1-420x582.jpg 420w, https:\/\/gpipaysage.fr\/wp-content\/uploads\/2017\/07\/Pic1-315x436.jpg 315w\" \/>\t\t\t\t\t\t\t\n<h3>\n\tNous travaillons avec les particuliers, les entreprises et les collectivit\u00e9s.\n\t<\/h3>\n\t<p>Nous intervenons dans tout le d\u00e9partement de l&rsquo;Oise ainsi que dans les d\u00e9partements voisins, pour vous offrir nos services de jardinage et d&rsquo;am\u00e9nagement paysager o\u00f9 que vous soyez.<\/p>\n\t\t\t\t\t\t\t<img loading=\"lazy\" decoding=\"async\" src=\"https:\/\/gpipaysage.fr\/wp-content\/uploads\/2017\/07\/pixeden-logo-envato.svg\" alt=\"pixeden-logo-envato\" itemprop=\"image\" height=\"0\" width=\"0\" title=\"pixeden-logo-envato\" onerror=\"this.style.display='none'\"  \/>\n\t\t\t\t\t\t\t<img loading=\"lazy\" decoding=\"async\" src=\"https:\/\/gpipaysage.fr\/wp-content\/uploads\/2017\/07\/envato-logo.svg\" alt=\"envato-logo\" itemprop=\"image\" height=\"0\" width=\"0\" title=\"envato-logo\" onerror=\"this.style.display='none'\"  \/>\n\t\t\t\t\t\t\t<img loading=\"lazy\" decoding=\"async\" src=\"https:\/\/gpipaysage.fr\/wp-content\/uploads\/2017\/07\/appstorm-logo-envato.svg\" alt=\"appstorm-logo-envato\" itemprop=\"image\" height=\"0\" width=\"0\" title=\"appstorm-logo-envato\" onerror=\"this.style.display='none'\"  \/>\n<h4>\n\tNous sommes des personnes consciencieuses  avec beaucoup d&rsquo;exp\u00e9rience.\n\t<\/h4>\n\n<\/div><!-- .vgblk-rw-wrapper -->","protected":false},"excerpt":{"rendered":"<p>Nos jardiniers paysagistes s&rsquo;occupent de tout pour vous !\u202f Nous concevons des espaces ext\u00e9rieurs sur mesure, en harmonie avec votre vision et votre environnement. Nous transformons votre terrain en un jardin magnifique et fonctionnel gr\u00e2ce \u00e0 un am\u00e9nagement soign\u00e9 et adapt\u00e9. Entretien, cr\u00e9ation et am\u00e9nagement des jardins. Notre passion pour la nature se refl\u00e8te dans&#8230;<\/p>\n","protected":false},"author":1,"featured_media":987719,"parent":0,"menu_order":0,"comment_status":"closed","ping_status":"closed","template":"","meta":{"footnotes":""},"class_list":["post-13400","page","type-page","status-publish","has-post-thumbnail","hentry"],"yoast_head":"<!-- This site is optimized with the Yoast SEO plugin v26.6 - https:\/\/yoast.com\/wordpress\/plugins\/seo\/ -->\n<title>Accueil - gpipaysage<\/title>\n<meta name=\"description\" content=\"Jardinier paysagiste dans l&#039;Oise : am\u00e9nagement de jardins, entretien d&#039;espaces verts, cr\u00e9ation de terrasses et plus encore. Transformez votre ext\u00e9rieur en un v\u00e9ritable havre de paix gr\u00e2ce \u00e0 notre expertise professionnelle.\" \/>\n<meta name=\"robots\" content=\"index, follow, max-snippet:-1, max-image-preview:large, max-video-preview:-1\" \/>\n<link rel=\"canonical\" href=\"https:\/\/gpipaysage.fr\/\" \/>\n<meta property=\"og:locale\" content=\"fr_FR\" \/>\n<meta property=\"og:type\" content=\"article\" \/>\n<meta property=\"og:title\" content=\"Accueil - gpipaysage\" \/>\n<meta property=\"og:description\" content=\"Jardinier paysagiste dans l&#039;Oise : am\u00e9nagement de jardins, entretien d&#039;espaces verts, cr\u00e9ation de terrasses et plus encore. Transformez votre ext\u00e9rieur en un v\u00e9ritable havre de paix gr\u00e2ce \u00e0 notre expertise professionnelle.\" \/>\n<meta property=\"og:url\" content=\"https:\/\/gpipaysage.fr\/\" \/>\n<meta property=\"og:site_name\" content=\"gpipaysage\" \/>\n<meta property=\"article:publisher\" content=\"https:\/\/www.facebook.com\/profile.php?id=61562279649544\" \/>\n<meta property=\"article:modified_time\" content=\"2024-12-02T17:33:52+00:00\" \/>\n<meta property=\"og:image\" content=\"https:\/\/gpipaysage.fr\/wp-content\/uploads\/2024\/07\/20230526_163017-2-scaled.jpg\" \/>\n\t<meta property=\"og:image:width\" content=\"2560\" \/>\n\t<meta property=\"og:image:height\" content=\"1455\" \/>\n\t<meta property=\"og:image:type\" content=\"image\/jpeg\" \/>\n<meta name=\"twitter:card\" content=\"summary_large_image\" \/>\n<meta name=\"twitter:site\" content=\"@gpipaysage\" \/>\n<meta name=\"twitter:label1\" content=\"Dur\u00e9e de lecture estim\u00e9e\" \/>\n\t<meta name=\"twitter:data1\" content=\"3 minutes\" \/>\n<script type=\"application\/ld+json\" class=\"yoast-schema-graph\">{\"@context\":\"https:\/\/schema.org\",\"@graph\":[{\"@type\":\"WebPage\",\"@id\":\"https:\/\/gpipaysage.fr\/\",\"url\":\"https:\/\/gpipaysage.fr\/\",\"name\":\"Accueil - gpipaysage\",\"isPartOf\":{\"@id\":\"https:\/\/gpipaysage.fr\/#website\"},\"primaryImageOfPage\":{\"@id\":\"https:\/\/gpipaysage.fr\/#primaryimage\"},\"image\":{\"@id\":\"https:\/\/gpipaysage.fr\/#primaryimage\"},\"thumbnailUrl\":\"https:\/\/gpipaysage.fr\/wp-content\/uploads\/2024\/07\/20230526_163017-2-scaled.jpg\",\"datePublished\":\"2017-07-14T10:28:00+00:00\",\"dateModified\":\"2024-12-02T17:33:52+00:00\",\"description\":\"Jardinier paysagiste dans l'Oise : am\u00e9nagement de jardins, entretien d'espaces verts, cr\u00e9ation de terrasses et plus encore. Transformez votre ext\u00e9rieur en un v\u00e9ritable havre de paix gr\u00e2ce \u00e0 notre expertise professionnelle.\",\"breadcrumb\":{\"@id\":\"https:\/\/gpipaysage.fr\/#breadcrumb\"},\"inLanguage\":\"fr-FR\",\"potentialAction\":[{\"@type\":\"ReadAction\",\"target\":[\"https:\/\/gpipaysage.fr\/\"]}]},{\"@type\":\"ImageObject\",\"inLanguage\":\"fr-FR\",\"@id\":\"https:\/\/gpipaysage.fr\/#primaryimage\",\"url\":\"https:\/\/gpipaysage.fr\/wp-content\/uploads\/2024\/07\/20230526_163017-2-scaled.jpg\",\"contentUrl\":\"https:\/\/gpipaysage.fr\/wp-content\/uploads\/2024\/07\/20230526_163017-2-scaled.jpg\",\"width\":2560,\"height\":1455},{\"@type\":\"BreadcrumbList\",\"@id\":\"https:\/\/gpipaysage.fr\/#breadcrumb\",\"itemListElement\":[{\"@type\":\"ListItem\",\"position\":1,\"name\":\"Accueil\",\"item\":\"https:\/\/gpipaysage.fr\/\"},{\"@type\":\"ListItem\",\"position\":2,\"name\":\"Accueil\"}]},{\"@type\":\"WebSite\",\"@id\":\"https:\/\/gpipaysage.fr\/#website\",\"url\":\"https:\/\/gpipaysage.fr\/\",\"name\":\"gpipaysage\",\"description\":\"\",\"publisher\":{\"@id\":\"https:\/\/gpipaysage.fr\/#organization\"},\"alternateName\":\"gpi paysage\",\"potentialAction\":[{\"@type\":\"SearchAction\",\"target\":{\"@type\":\"EntryPoint\",\"urlTemplate\":\"https:\/\/gpipaysage.fr\/?s={search_term_string}\"},\"query-input\":{\"@type\":\"PropertyValueSpecification\",\"valueRequired\":true,\"valueName\":\"search_term_string\"}}],\"inLanguage\":\"fr-FR\"},{\"@type\":\"Organization\",\"@id\":\"https:\/\/gpipaysage.fr\/#organization\",\"name\":\"gpipaysage\",\"alternateName\":\"gpi paysage\",\"url\":\"https:\/\/gpipaysage.fr\/\",\"logo\":{\"@type\":\"ImageObject\",\"inLanguage\":\"fr-FR\",\"@id\":\"https:\/\/gpipaysage.fr\/#\/schema\/logo\/image\/\",\"url\":\"https:\/\/gpipaysage.fr\/wp-content\/uploads\/2024\/08\/Paysage-1.jpg\",\"contentUrl\":\"https:\/\/gpipaysage.fr\/wp-content\/uploads\/2024\/08\/Paysage-1.jpg\",\"width\":500,\"height\":500,\"caption\":\"gpipaysage\"},\"image\":{\"@id\":\"https:\/\/gpipaysage.fr\/#\/schema\/logo\/image\/\"},\"sameAs\":[\"https:\/\/www.facebook.com\/profile.php?id=61562279649544\",\"https:\/\/x.com\/gpipaysage\",\"https:\/\/www.instagram.com\/gpipaysage\/\"]}]}<\/script>\n<!-- \/ Yoast SEO plugin. -->","yoast_head_json":{"title":"Accueil - gpipaysage","description":"Jardinier paysagiste dans l'Oise : am\u00e9nagement de jardins, entretien d'espaces verts, cr\u00e9ation de terrasses et plus encore. Transformez votre ext\u00e9rieur en un v\u00e9ritable havre de paix gr\u00e2ce \u00e0 notre expertise professionnelle.","robots":{"index":"index","follow":"follow","max-snippet":"max-snippet:-1","max-image-preview":"max-image-preview:large","max-video-preview":"max-video-preview:-1"},"canonical":"https:\/\/gpipaysage.fr\/","og_locale":"fr_FR","og_type":"article","og_title":"Accueil - gpipaysage","og_description":"Jardinier paysagiste dans l'Oise : am\u00e9nagement de jardins, entretien d'espaces verts, cr\u00e9ation de terrasses et plus encore. Transformez votre ext\u00e9rieur en un v\u00e9ritable havre de paix gr\u00e2ce \u00e0 notre expertise professionnelle.","og_url":"https:\/\/gpipaysage.fr\/","og_site_name":"gpipaysage","article_publisher":"https:\/\/www.facebook.com\/profile.php?id=61562279649544","article_modified_time":"2024-12-02T17:33:52+00:00","og_image":[{"width":2560,"height":1455,"url":"https:\/\/gpipaysage.fr\/wp-content\/uploads\/2024\/07\/20230526_163017-2-scaled.jpg","type":"image\/jpeg"}],"twitter_card":"summary_large_image","twitter_site":"@gpipaysage","twitter_misc":{"Dur\u00e9e de lecture estim\u00e9e":"3 minutes"},"schema":{"@context":"https:\/\/schema.org","@graph":[{"@type":"WebPage","@id":"https:\/\/gpipaysage.fr\/","url":"https:\/\/gpipaysage.fr\/","name":"Accueil - gpipaysage","isPartOf":{"@id":"https:\/\/gpipaysage.fr\/#website"},"primaryImageOfPage":{"@id":"https:\/\/gpipaysage.fr\/#primaryimage"},"image":{"@id":"https:\/\/gpipaysage.fr\/#primaryimage"},"thumbnailUrl":"https:\/\/gpipaysage.fr\/wp-content\/uploads\/2024\/07\/20230526_163017-2-scaled.jpg","datePublished":"2017-07-14T10:28:00+00:00","dateModified":"2024-12-02T17:33:52+00:00","description":"Jardinier paysagiste dans l'Oise : am\u00e9nagement de jardins, entretien d'espaces verts, cr\u00e9ation de terrasses et plus encore. Transformez votre ext\u00e9rieur en un v\u00e9ritable havre de paix gr\u00e2ce \u00e0 notre expertise professionnelle.","breadcrumb":{"@id":"https:\/\/gpipaysage.fr\/#breadcrumb"},"inLanguage":"fr-FR","potentialAction":[{"@type":"ReadAction","target":["https:\/\/gpipaysage.fr\/"]}]},{"@type":"ImageObject","inLanguage":"fr-FR","@id":"https:\/\/gpipaysage.fr\/#primaryimage","url":"https:\/\/gpipaysage.fr\/wp-content\/uploads\/2024\/07\/20230526_163017-2-scaled.jpg","contentUrl":"https:\/\/gpipaysage.fr\/wp-content\/uploads\/2024\/07\/20230526_163017-2-scaled.jpg","width":2560,"height":1455},{"@type":"BreadcrumbList","@id":"https:\/\/gpipaysage.fr\/#breadcrumb","itemListElement":[{"@type":"ListItem","position":1,"name":"Accueil","item":"https:\/\/gpipaysage.fr\/"},{"@type":"ListItem","position":2,"name":"Accueil"}]},{"@type":"WebSite","@id":"https:\/\/gpipaysage.fr\/#website","url":"https:\/\/gpipaysage.fr\/","name":"gpipaysage","description":"","publisher":{"@id":"https:\/\/gpipaysage.fr\/#organization"},"alternateName":"gpi paysage","potentialAction":[{"@type":"SearchAction","target":{"@type":"EntryPoint","urlTemplate":"https:\/\/gpipaysage.fr\/?s={search_term_string}"},"query-input":{"@type":"PropertyValueSpecification","valueRequired":true,"valueName":"search_term_string"}}],"inLanguage":"fr-FR"},{"@type":"Organization","@id":"https:\/\/gpipaysage.fr\/#organization","name":"gpipaysage","alternateName":"gpi paysage","url":"https:\/\/gpipaysage.fr\/","logo":{"@type":"ImageObject","inLanguage":"fr-FR","@id":"https:\/\/gpipaysage.fr\/#\/schema\/logo\/image\/","url":"https:\/\/gpipaysage.fr\/wp-content\/uploads\/2024\/08\/Paysage-1.jpg","contentUrl":"https:\/\/gpipaysage.fr\/wp-content\/uploads\/2024\/08\/Paysage-1.jpg","width":500,"height":500,"caption":"gpipaysage"},"image":{"@id":"https:\/\/gpipaysage.fr\/#\/schema\/logo\/image\/"},"sameAs":["https:\/\/www.facebook.com\/profile.php?id=61562279649544","https:\/\/x.com\/gpipaysage","https:\/\/www.instagram.com\/gpipaysage\/"]}]}},"jetpack_sharing_enabled":true,"_links":{"self":[{"href":"https:\/\/gpipaysage.fr\/index.php?rest_route=\/wp\/v2\/pages\/13400","targetHints":{"allow":["GET"]}}],"collection":[{"href":"https:\/\/gpipaysage.fr\/index.php?rest_route=\/wp\/v2\/pages"}],"about":[{"href":"https:\/\/gpipaysage.fr\/index.php?rest_route=\/wp\/v2\/types\/page"}],"author":[{"embeddable":true,"href":"https:\/\/gpipaysage.fr\/index.php?rest_route=\/wp\/v2\/users\/1"}],"replies":[{"embeddable":true,"href":"https:\/\/gpipaysage.fr\/index.php?rest_route=%2Fwp%2Fv2%2Fcomments&post=13400"}],"version-history":[{"count":9,"href":"https:\/\/gpipaysage.fr\/index.php?rest_route=\/wp\/v2\/pages\/13400\/revisions"}],"predecessor-version":[{"id":987996,"href":"https:\/\/gpipaysage.fr\/index.php?rest_route=\/wp\/v2\/pages\/13400\/revisions\/987996"}],"wp:featuredmedia":[{"embeddable":true,"href":"https:\/\/gpipaysage.fr\/index.php?rest_route=\/wp\/v2\/media\/987719"}],"wp:attachment":[{"href":"https:\/\/gpipaysage.fr\/index.php?rest_route=%2Fwp%2Fv2%2Fmedia&parent=13400"}],"curies":[{"name":"wp","href":"https:\/\/api.w.org\/{rel}","templated":true}]}}