{"id":14464,"date":"2017-09-19T18:44:19","date_gmt":"2017-09-19T18:44:19","guid":{"rendered":"https:\/\/landscaping.vamtam.com\/?page_id=14464"},"modified":"2025-12-17T18:14:22","modified_gmt":"2025-12-17T17:14:22","slug":"amenagement","status":"publish","type":"page","link":"https:\/\/gpipaysage.fr\/?page_id=14464","title":{"rendered":"Am\u00e9nagement"},"content":{"rendered":"<div class=\"vgblk-rw-wrapper limit-wrapper\">\n<h2>\n\tComment pouvons-nous vous aider ?\n\t<\/h2>\n\t<p>De la conception de massifs floraux \u00e0 la r\u00e9alisation de structures paysag\u00e8res uniques, GPI Paysage vous accompagne dans l&rsquo;am\u00e9nagement complet de votre espace ext\u00e9rieur. Gr\u00e2ce \u00e0 notre \u00e9quipe d&rsquo;artisans qualifi\u00e9s et \u00e0 notre \u00e9quipement de pointe, nous concr\u00e9tisons vos projets avec une expertise approfondie en sols, v\u00e9g\u00e9tation, mat\u00e9riaux paysagers, et techniques de construction. Que votre projet soit de petite ou grande envergure, nous mobilisons toutes nos ressources pour vous offrir des r\u00e9sultats exceptionnels.<\/p>\n<p>Nos am\u00e9nagements paysagers distinctifs, qu&rsquo;il s&rsquo;agisse de massifs \u00e9l\u00e9gants, de terrasses raffin\u00e9es, d&rsquo;all\u00e9es gravillonn\u00e9es et bitum\u00e9es ou de murs de sout\u00e8nement robustes, sont con\u00e7us pour apporter structure et harmonie \u00e0 votre espace ext\u00e9rieur. Chaque \u00e9l\u00e9ment, r\u00e9alis\u00e9 avec des mat\u00e9riaux durables, s&rsquo;int\u00e8gre parfaitement \u00e0 votre environnement, sublimant l&rsquo;esth\u00e9tique de votre jardin.<\/p>\n<h2>\n\tExemples de r\u00e9alisations\n\t<\/h2>\n\t<a href=\"https:\/\/gpipaysage.fr\/?page_id=9741\" target=\"_self\" role=\"button\">\n\t\t\t\t\tGalerie\n\t<\/a>\n<h4>\n\t\t\tEspaces de d\u00e9tente\t<\/h4>\n\t<p>Cr\u00e9ation de terrasses, pergolas, et zones de repas en plein air pour maximiser le confort et l&rsquo;utilisation des espaces ext\u00e9rieurs.<\/p>\n\t\t\t\t\t\t\t<img loading=\"lazy\" decoding=\"async\" src=\"https:\/\/gpipaysage.fr\/wp-content\/uploads\/2024\/08\/terrasse1.jpg\" alt=\"terrasse1\" itemprop=\"image\" height=\"170\" width=\"296\" title=\"terrasse1\" onerror=\"this.style.display='none'\"  sizes=\"auto, (max-width: 768px) 100vw, 100vw\"\/>\t\t\t\t\t\t\t\n\t\t\t\t\t\t\t<img loading=\"lazy\" decoding=\"async\" src=\"https:\/\/gpipaysage.fr\/wp-content\/uploads\/2024\/08\/terrasse3.jpg\" alt=\"\" itemprop=\"image\" height=\"194\" width=\"259\" onerror=\"this.style.display='none'\"  sizes=\"auto, (max-width: 768px) 100vw, 100vw\"\/>\t\t\t\t\t\t\t\n\t\t\t\t\t\t\t<img loading=\"lazy\" decoding=\"async\" src=\"https:\/\/gpipaysage.fr\/wp-content\/uploads\/2024\/08\/terrasse4.jpg\" alt=\"terrasse4\" itemprop=\"image\" height=\"168\" width=\"300\" title=\"terrasse4\" onerror=\"this.style.display='none'\"  sizes=\"auto, (max-width: 768px) 100vw, 100vw\"\/>\t\t\t\t\t\t\t\n<h4>\n\t\t\tJardins d&rsquo;eau\t<\/h4>\n\t<p>Cr\u00e9ation de bassins, fontaines et ruisseaux pour int\u00e9grer l&rsquo;eau comme \u00e9l\u00e9ment central de l&rsquo;am\u00e9nagement paysager.<\/p>\n\t\t\t\t\t\t\t<img loading=\"lazy\" decoding=\"async\" src=\"https:\/\/gpipaysage.fr\/wp-content\/uploads\/2024\/08\/Taille_Bassin2-scaled.jpg\" alt=\"\" itemprop=\"image\" height=\"1153\" width=\"2560\" onerror=\"this.style.display='none'\"  sizes=\"auto, (max-width: 768px) 100vw, 100vw\" srcset=\"https:\/\/gpipaysage.fr\/wp-content\/uploads\/2024\/08\/Taille_Bassin2-scaled.jpg 2560w, https:\/\/gpipaysage.fr\/wp-content\/uploads\/2024\/08\/Taille_Bassin2-300x135.jpg 300w, https:\/\/gpipaysage.fr\/wp-content\/uploads\/2024\/08\/Taille_Bassin2-1024x461.jpg 1024w, https:\/\/gpipaysage.fr\/wp-content\/uploads\/2024\/08\/Taille_Bassin2-768x346.jpg 768w, https:\/\/gpipaysage.fr\/wp-content\/uploads\/2024\/08\/Taille_Bassin2-1536x692.jpg 1536w, https:\/\/gpipaysage.fr\/wp-content\/uploads\/2024\/08\/Taille_Bassin2-2048x922.jpg 2048w, https:\/\/gpipaysage.fr\/wp-content\/uploads\/2024\/08\/Taille_Bassin2-1260x568.jpg 1260w, https:\/\/gpipaysage.fr\/wp-content\/uploads\/2024\/08\/Taille_Bassin2-630x284.jpg 630w, https:\/\/gpipaysage.fr\/wp-content\/uploads\/2024\/08\/Taille_Bassin2-420x189.jpg 420w, https:\/\/gpipaysage.fr\/wp-content\/uploads\/2024\/08\/Taille_Bassin2-840x378.jpg 840w, https:\/\/gpipaysage.fr\/wp-content\/uploads\/2024\/08\/Taille_Bassin2-315x142.jpg 315w\" \/>\t\t\t\t\t\t\t\n\t\t\t\t\t\t\t<img loading=\"lazy\" decoding=\"async\" src=\"https:\/\/gpipaysage.fr\/wp-content\/uploads\/2024\/08\/bassin1.jpg\" alt=\"bassin1\" itemprop=\"image\" height=\"183\" width=\"275\" title=\"bassin1\" onerror=\"this.style.display='none'\"  sizes=\"auto, (max-width: 768px) 100vw, 100vw\"\/>\t\t\t\t\t\t\t\n\t\t\t\t\t\t\t<img loading=\"lazy\" decoding=\"async\" src=\"https:\/\/gpipaysage.fr\/wp-content\/uploads\/2024\/08\/bassin2.jpg\" alt=\"bassin2\" itemprop=\"image\" height=\"162\" width=\"311\" title=\"bassin2\" onerror=\"this.style.display='none'\"  sizes=\"auto, (max-width: 768px) 100vw, 100vw\" srcset=\"https:\/\/gpipaysage.fr\/wp-content\/uploads\/2024\/08\/bassin2.jpg 311w, https:\/\/gpipaysage.fr\/wp-content\/uploads\/2024\/08\/bassin2-300x156.jpg 300w\" \/>\t\t\t\t\t\t\t\n<h4>\n\t\t\tAll\u00e9es et chemin d&rsquo;acc\u00e8s\t<\/h4>\n\t<p>Conception et r\u00e9alisation d&rsquo;all\u00e9es fonctionnelles et esth\u00e9tiques, adapt\u00e9es \u00e0 votre jardin, en utilisant des mat\u00e9riaux comme le gravier, les pav\u00e9s ou la pierre naturelle.<\/p>\n\t\t\t\t\t\t\t<img loading=\"lazy\" decoding=\"async\" src=\"https:\/\/gpipaysage.fr\/wp-content\/uploads\/2024\/08\/Alleegrav3.jpg\" alt=\"\" itemprop=\"image\" height=\"194\" width=\"259\" onerror=\"this.style.display='none'\"  sizes=\"auto, (max-width: 768px) 100vw, 100vw\"\/>\t\t\t\t\t\t\t\n\t\t\t\t\t\t\t<img loading=\"lazy\" decoding=\"async\" src=\"https:\/\/gpipaysage.fr\/wp-content\/uploads\/2024\/08\/massiftest.jpg\" alt=\"\" itemprop=\"image\" height=\"182\" width=\"277\" onerror=\"this.style.display='none'\"  sizes=\"auto, (max-width: 768px) 100vw, 100vw\"\/>\t\t\t\t\t\t\t\n\t\t\t\t\t\t\t<img loading=\"lazy\" decoding=\"async\" src=\"https:\/\/gpipaysage.fr\/wp-content\/uploads\/2024\/08\/alleegrav1.jpg\" alt=\"\" itemprop=\"image\" height=\"159\" width=\"318\" onerror=\"this.style.display='none'\"  sizes=\"auto, (max-width: 768px) 100vw, 100vw\" srcset=\"https:\/\/gpipaysage.fr\/wp-content\/uploads\/2024\/08\/alleegrav1.jpg 318w, https:\/\/gpipaysage.fr\/wp-content\/uploads\/2024\/08\/alleegrav1-300x150.jpg 300w, https:\/\/gpipaysage.fr\/wp-content\/uploads\/2024\/08\/alleegrav1-315x159.jpg 315w\" \/>\t\t\t\t\t\t\t\n\t\t\t\t\t\t\t<img loading=\"lazy\" decoding=\"async\" src=\"https:\/\/gpipaysage.fr\/wp-content\/uploads\/2024\/07\/Chemin-1.jpg\" alt=\"Chemin\" itemprop=\"image\" height=\"736\" width=\"736\" title=\"Chemin\" onerror=\"this.style.display='none'\"  sizes=\"auto, (max-width: 768px) 100vw, 100vw\" srcset=\"https:\/\/gpipaysage.fr\/wp-content\/uploads\/2024\/07\/Chemin-1.jpg 736w, https:\/\/gpipaysage.fr\/wp-content\/uploads\/2024\/07\/Chemin-1-300x300.jpg 300w, https:\/\/gpipaysage.fr\/wp-content\/uploads\/2024\/07\/Chemin-1-150x150.jpg 150w, https:\/\/gpipaysage.fr\/wp-content\/uploads\/2024\/07\/Chemin-1-630x630.jpg 630w, https:\/\/gpipaysage.fr\/wp-content\/uploads\/2024\/07\/Chemin-1-420x420.jpg 420w, https:\/\/gpipaysage.fr\/wp-content\/uploads\/2024\/07\/Chemin-1-315x315.jpg 315w, https:\/\/gpipaysage.fr\/wp-content\/uploads\/2024\/07\/Chemin-1-100x100.jpg 100w\" \/>\t\t\t\t\t\t\t\n\t\t\t\t\t\t\t<img loading=\"lazy\" decoding=\"async\" src=\"https:\/\/gpipaysage.fr\/wp-content\/uploads\/2024\/08\/Alleegrav2.jpg\" alt=\"\" itemprop=\"image\" height=\"194\" width=\"259\" onerror=\"this.style.display='none'\"  sizes=\"auto, (max-width: 768px) 100vw, 100vw\"\/>\t\t\t\t\t\t\t\n\t\t\t\t\t\t\t<img loading=\"lazy\" decoding=\"async\" src=\"https:\/\/gpipaysage.fr\/wp-content\/uploads\/2024\/07\/crea-e1722538320431.jpg\" alt=\"\" itemprop=\"image\" height=\"380\" width=\"400\" onerror=\"this.style.display='none'\"  sizes=\"auto, (max-width: 768px) 100vw, 100vw\" srcset=\"https:\/\/gpipaysage.fr\/wp-content\/uploads\/2024\/07\/crea-e1722538320431.jpg 400w, https:\/\/gpipaysage.fr\/wp-content\/uploads\/2024\/07\/crea-e1722538320431-300x285.jpg 300w, https:\/\/gpipaysage.fr\/wp-content\/uploads\/2024\/07\/crea-e1722538320431-315x299.jpg 315w\" \/>\t\t\t\t\t\t\t\n<h4>\n\t\t\tAutres am\u00e9nagements\t<\/h4>\n\t<p>Nous r\u00e9alisons \u00e9galement d&rsquo;autres am\u00e9nagements paysagers, tels que la conception de jardins, la pose de cl\u00f4tures, l&rsquo;installation de syst\u00e8mes d&rsquo;irrigation, et la cr\u00e9ation de zones de d\u00e9tente.<\/p>\n\n<\/div><!-- .vgblk-rw-wrapper -->","protected":false},"excerpt":{"rendered":"<p>Comment pouvons-nous vous aider ? De la conception de massifs floraux \u00e0 la r\u00e9alisation de structures paysag\u00e8res uniques, GPI Paysage vous accompagne dans l&rsquo;am\u00e9nagement complet de votre espace ext\u00e9rieur. Gr\u00e2ce \u00e0 notre \u00e9quipe d&rsquo;artisans qualifi\u00e9s et \u00e0 notre \u00e9quipement de pointe, nous concr\u00e9tisons vos projets avec une expertise approfondie en sols, v\u00e9g\u00e9tation, mat\u00e9riaux paysagers, et&#8230;<\/p>\n","protected":false},"author":1,"featured_media":0,"parent":11406,"menu_order":0,"comment_status":"closed","ping_status":"closed","template":"","meta":{"footnotes":""},"class_list":["post-14464","page","type-page","status-publish","hentry"],"yoast_head":"<!-- This site is optimized with the Yoast SEO plugin v26.6 - https:\/\/yoast.com\/wordpress\/plugins\/seo\/ -->\n<title>Am\u00e9nagement - gpipaysage<\/title>\n<meta name=\"robots\" content=\"index, follow, max-snippet:-1, max-image-preview:large, max-video-preview:-1\" \/>\n<link rel=\"canonical\" href=\"https:\/\/gpipaysage.fr\/?page_id=14464\" \/>\n<meta property=\"og:locale\" content=\"fr_FR\" \/>\n<meta property=\"og:type\" content=\"article\" \/>\n<meta property=\"og:title\" content=\"Am\u00e9nagement - gpipaysage\" \/>\n<meta property=\"og:description\" content=\"Comment pouvons-nous vous aider ? De la conception de massifs floraux \u00e0 la r\u00e9alisation de structures paysag\u00e8res uniques, GPI Paysage vous accompagne dans l&rsquo;am\u00e9nagement complet de votre espace ext\u00e9rieur. Gr\u00e2ce \u00e0 notre \u00e9quipe d&rsquo;artisans qualifi\u00e9s et \u00e0 notre \u00e9quipement de pointe, nous concr\u00e9tisons vos projets avec une expertise approfondie en sols, v\u00e9g\u00e9tation, mat\u00e9riaux paysagers, et...\" \/>\n<meta property=\"og:url\" content=\"https:\/\/gpipaysage.fr\/?page_id=14464\" \/>\n<meta property=\"og:site_name\" content=\"gpipaysage\" \/>\n<meta property=\"article:publisher\" content=\"https:\/\/www.facebook.com\/profile.php?id=61562279649544\" \/>\n<meta property=\"article:modified_time\" content=\"2025-12-17T17:14:22+00:00\" \/>\n<meta property=\"og:image\" content=\"https:\/\/gpipaysage.fr\/wp-content\/uploads\/2024\/08\/terrasse1.jpg\" \/>\n<meta name=\"twitter:card\" content=\"summary_large_image\" \/>\n<meta name=\"twitter:site\" content=\"@gpipaysage\" \/>\n<meta name=\"twitter:label1\" content=\"Dur\u00e9e de lecture estim\u00e9e\" \/>\n\t<meta name=\"twitter:data1\" content=\"1 minute\" \/>\n<script type=\"application\/ld+json\" class=\"yoast-schema-graph\">{\"@context\":\"https:\/\/schema.org\",\"@graph\":[{\"@type\":\"WebPage\",\"@id\":\"https:\/\/gpipaysage.fr\/?page_id=14464\",\"url\":\"https:\/\/gpipaysage.fr\/?page_id=14464\",\"name\":\"Am\u00e9nagement - gpipaysage\",\"isPartOf\":{\"@id\":\"https:\/\/gpipaysage.fr\/#website\"},\"primaryImageOfPage\":{\"@id\":\"https:\/\/gpipaysage.fr\/?page_id=14464#primaryimage\"},\"image\":{\"@id\":\"https:\/\/gpipaysage.fr\/?page_id=14464#primaryimage\"},\"thumbnailUrl\":\"https:\/\/gpipaysage.fr\/wp-content\/uploads\/2024\/08\/terrasse1.jpg\",\"datePublished\":\"2017-09-19T18:44:19+00:00\",\"dateModified\":\"2025-12-17T17:14:22+00:00\",\"breadcrumb\":{\"@id\":\"https:\/\/gpipaysage.fr\/?page_id=14464#breadcrumb\"},\"inLanguage\":\"fr-FR\",\"potentialAction\":[{\"@type\":\"ReadAction\",\"target\":[\"https:\/\/gpipaysage.fr\/?page_id=14464\"]}]},{\"@type\":\"ImageObject\",\"inLanguage\":\"fr-FR\",\"@id\":\"https:\/\/gpipaysage.fr\/?page_id=14464#primaryimage\",\"url\":\"https:\/\/gpipaysage.fr\/wp-content\/uploads\/2024\/08\/terrasse1.jpg\",\"contentUrl\":\"https:\/\/gpipaysage.fr\/wp-content\/uploads\/2024\/08\/terrasse1.jpg\",\"width\":296,\"height\":170},{\"@type\":\"BreadcrumbList\",\"@id\":\"https:\/\/gpipaysage.fr\/?page_id=14464#breadcrumb\",\"itemListElement\":[{\"@type\":\"ListItem\",\"position\":1,\"name\":\"Accueil\",\"item\":\"https:\/\/gpipaysage.fr\/\"},{\"@type\":\"ListItem\",\"position\":2,\"name\":\"Prestations\",\"item\":\"https:\/\/gpipaysage.fr\/?page_id=11406\"},{\"@type\":\"ListItem\",\"position\":3,\"name\":\"Am\u00e9nagement\"}]},{\"@type\":\"WebSite\",\"@id\":\"https:\/\/gpipaysage.fr\/#website\",\"url\":\"https:\/\/gpipaysage.fr\/\",\"name\":\"gpipaysage\",\"description\":\"\",\"publisher\":{\"@id\":\"https:\/\/gpipaysage.fr\/#organization\"},\"alternateName\":\"gpi paysage\",\"potentialAction\":[{\"@type\":\"SearchAction\",\"target\":{\"@type\":\"EntryPoint\",\"urlTemplate\":\"https:\/\/gpipaysage.fr\/?s={search_term_string}\"},\"query-input\":{\"@type\":\"PropertyValueSpecification\",\"valueRequired\":true,\"valueName\":\"search_term_string\"}}],\"inLanguage\":\"fr-FR\"},{\"@type\":\"Organization\",\"@id\":\"https:\/\/gpipaysage.fr\/#organization\",\"name\":\"gpipaysage\",\"alternateName\":\"gpi paysage\",\"url\":\"https:\/\/gpipaysage.fr\/\",\"logo\":{\"@type\":\"ImageObject\",\"inLanguage\":\"fr-FR\",\"@id\":\"https:\/\/gpipaysage.fr\/#\/schema\/logo\/image\/\",\"url\":\"https:\/\/gpipaysage.fr\/wp-content\/uploads\/2024\/08\/Paysage-1.jpg\",\"contentUrl\":\"https:\/\/gpipaysage.fr\/wp-content\/uploads\/2024\/08\/Paysage-1.jpg\",\"width\":500,\"height\":500,\"caption\":\"gpipaysage\"},\"image\":{\"@id\":\"https:\/\/gpipaysage.fr\/#\/schema\/logo\/image\/\"},\"sameAs\":[\"https:\/\/www.facebook.com\/profile.php?id=61562279649544\",\"https:\/\/x.com\/gpipaysage\",\"https:\/\/www.instagram.com\/gpipaysage\/\"]}]}<\/script>\n<!-- \/ Yoast SEO plugin. -->","yoast_head_json":{"title":"Am\u00e9nagement - gpipaysage","robots":{"index":"index","follow":"follow","max-snippet":"max-snippet:-1","max-image-preview":"max-image-preview:large","max-video-preview":"max-video-preview:-1"},"canonical":"https:\/\/gpipaysage.fr\/?page_id=14464","og_locale":"fr_FR","og_type":"article","og_title":"Am\u00e9nagement - gpipaysage","og_description":"Comment pouvons-nous vous aider ? De la conception de massifs floraux \u00e0 la r\u00e9alisation de structures paysag\u00e8res uniques, GPI Paysage vous accompagne dans l&rsquo;am\u00e9nagement complet de votre espace ext\u00e9rieur. Gr\u00e2ce \u00e0 notre \u00e9quipe d&rsquo;artisans qualifi\u00e9s et \u00e0 notre \u00e9quipement de pointe, nous concr\u00e9tisons vos projets avec une expertise approfondie en sols, v\u00e9g\u00e9tation, mat\u00e9riaux paysagers, et...","og_url":"https:\/\/gpipaysage.fr\/?page_id=14464","og_site_name":"gpipaysage","article_publisher":"https:\/\/www.facebook.com\/profile.php?id=61562279649544","article_modified_time":"2025-12-17T17:14:22+00:00","og_image":[{"url":"https:\/\/gpipaysage.fr\/wp-content\/uploads\/2024\/08\/terrasse1.jpg","type":"","width":"","height":""}],"twitter_card":"summary_large_image","twitter_site":"@gpipaysage","twitter_misc":{"Dur\u00e9e de lecture estim\u00e9e":"1 minute"},"schema":{"@context":"https:\/\/schema.org","@graph":[{"@type":"WebPage","@id":"https:\/\/gpipaysage.fr\/?page_id=14464","url":"https:\/\/gpipaysage.fr\/?page_id=14464","name":"Am\u00e9nagement - gpipaysage","isPartOf":{"@id":"https:\/\/gpipaysage.fr\/#website"},"primaryImageOfPage":{"@id":"https:\/\/gpipaysage.fr\/?page_id=14464#primaryimage"},"image":{"@id":"https:\/\/gpipaysage.fr\/?page_id=14464#primaryimage"},"thumbnailUrl":"https:\/\/gpipaysage.fr\/wp-content\/uploads\/2024\/08\/terrasse1.jpg","datePublished":"2017-09-19T18:44:19+00:00","dateModified":"2025-12-17T17:14:22+00:00","breadcrumb":{"@id":"https:\/\/gpipaysage.fr\/?page_id=14464#breadcrumb"},"inLanguage":"fr-FR","potentialAction":[{"@type":"ReadAction","target":["https:\/\/gpipaysage.fr\/?page_id=14464"]}]},{"@type":"ImageObject","inLanguage":"fr-FR","@id":"https:\/\/gpipaysage.fr\/?page_id=14464#primaryimage","url":"https:\/\/gpipaysage.fr\/wp-content\/uploads\/2024\/08\/terrasse1.jpg","contentUrl":"https:\/\/gpipaysage.fr\/wp-content\/uploads\/2024\/08\/terrasse1.jpg","width":296,"height":170},{"@type":"BreadcrumbList","@id":"https:\/\/gpipaysage.fr\/?page_id=14464#breadcrumb","itemListElement":[{"@type":"ListItem","position":1,"name":"Accueil","item":"https:\/\/gpipaysage.fr\/"},{"@type":"ListItem","position":2,"name":"Prestations","item":"https:\/\/gpipaysage.fr\/?page_id=11406"},{"@type":"ListItem","position":3,"name":"Am\u00e9nagement"}]},{"@type":"WebSite","@id":"https:\/\/gpipaysage.fr\/#website","url":"https:\/\/gpipaysage.fr\/","name":"gpipaysage","description":"","publisher":{"@id":"https:\/\/gpipaysage.fr\/#organization"},"alternateName":"gpi paysage","potentialAction":[{"@type":"SearchAction","target":{"@type":"EntryPoint","urlTemplate":"https:\/\/gpipaysage.fr\/?s={search_term_string}"},"query-input":{"@type":"PropertyValueSpecification","valueRequired":true,"valueName":"search_term_string"}}],"inLanguage":"fr-FR"},{"@type":"Organization","@id":"https:\/\/gpipaysage.fr\/#organization","name":"gpipaysage","alternateName":"gpi paysage","url":"https:\/\/gpipaysage.fr\/","logo":{"@type":"ImageObject","inLanguage":"fr-FR","@id":"https:\/\/gpipaysage.fr\/#\/schema\/logo\/image\/","url":"https:\/\/gpipaysage.fr\/wp-content\/uploads\/2024\/08\/Paysage-1.jpg","contentUrl":"https:\/\/gpipaysage.fr\/wp-content\/uploads\/2024\/08\/Paysage-1.jpg","width":500,"height":500,"caption":"gpipaysage"},"image":{"@id":"https:\/\/gpipaysage.fr\/#\/schema\/logo\/image\/"},"sameAs":["https:\/\/www.facebook.com\/profile.php?id=61562279649544","https:\/\/x.com\/gpipaysage","https:\/\/www.instagram.com\/gpipaysage\/"]}]}},"jetpack_sharing_enabled":true,"_links":{"self":[{"href":"https:\/\/gpipaysage.fr\/index.php?rest_route=\/wp\/v2\/pages\/14464","targetHints":{"allow":["GET"]}}],"collection":[{"href":"https:\/\/gpipaysage.fr\/index.php?rest_route=\/wp\/v2\/pages"}],"about":[{"href":"https:\/\/gpipaysage.fr\/index.php?rest_route=\/wp\/v2\/types\/page"}],"author":[{"embeddable":true,"href":"https:\/\/gpipaysage.fr\/index.php?rest_route=\/wp\/v2\/users\/1"}],"replies":[{"embeddable":true,"href":"https:\/\/gpipaysage.fr\/index.php?rest_route=%2Fwp%2Fv2%2Fcomments&post=14464"}],"version-history":[{"count":5,"href":"https:\/\/gpipaysage.fr\/index.php?rest_route=\/wp\/v2\/pages\/14464\/revisions"}],"predecessor-version":[{"id":988016,"href":"https:\/\/gpipaysage.fr\/index.php?rest_route=\/wp\/v2\/pages\/14464\/revisions\/988016"}],"up":[{"embeddable":true,"href":"https:\/\/gpipaysage.fr\/index.php?rest_route=\/wp\/v2\/pages\/11406"}],"wp:attachment":[{"href":"https:\/\/gpipaysage.fr\/index.php?rest_route=%2Fwp%2Fv2%2Fmedia&parent=14464"}],"curies":[{"name":"wp","href":"https:\/\/api.w.org\/{rel}","templated":true}]}}